{"id":125512,"date":"2025-07-25T10:21:18","date_gmt":"2025-07-25T08:21:18","guid":{"rendered":"https:\/\/www.batemo.com\/products\/batemo-cell-explorer\/ampace-jp30-p1c\/"},"modified":"2025-11-18T13:53:45","modified_gmt":"2025-11-18T12:53:45","slug":"ampace-jp30p1c","status":"publish","type":"product","link":"https:\/\/www.batemo.com\/de\/products\/batemo-cell-explorer\/ampace-jp30p1c\/","title":{"rendered":"JP30P1(C)"},"content":{"rendered":"<table style=\"color:white\" border=\"5\" cellspacing=\"0\" cellpadding=\"2\">\n<colgroup>\n<col width=\"50%\">\n<col width=\"50%\"> <\/colgroup>\n<tbody>\n<tr>\n<td>Zellher\u00adkunft<\/td>\n<td style=\"text-align:right\">Beschaf\u00adfung durch Batemo<\/td>\n<\/tr>\n<tr>\n<td>Zellformat<\/td>\n<td style=\"text-align:right\">18650<\/td>\n<\/tr>\n<tr>\n<td>Abmes\u00adsungen<\/td>\n<td style=\"text-align:right\">18,3 x 65&nbsp;mm<\/td>\n<\/tr>\n<tr>\n<td>Gewicht<\/td>\n<td style=\"text-align:right\">48,2 g<\/td>\n<\/tr>\n<tr>\n<td>Kapazit\u00e4t<br>\n<span class=\"collapseomatic noarrow\" id=\"id691c6c513f1fa\" title=\"definition\">defini\u00adtion<\/span><span id=\"swap-id691c6c513f1fa\" class=\"colomat-swap\">schlie\u00dfen<\/span>\n<div id=\"target-id691c6c513f1fa\" class=\"collapseomatic_content collapsible_orange\">\nDie Nennka\u00adpa\u00adzit\u00e4t stammt aus dem Daten\u00adblatt des Herstel\u00adlers, sofern verf\u00fcgbar. Wenn das Daten\u00adblatt nicht verf\u00fcgbar ist, wird die Nennka\u00adpa\u00adzit\u00e4t gesch\u00e4tzt. Batemo hat die C\/10-Kapazit\u00e4t gemessen, indem die Zelle bei einer Umgebungs\u00adtem\u00adpe\u00adratur von 25\u00b0C von 100% mit einem Konstant\u00adstrom von 0,3A (0,1C) bis zum Errei\u00adchen der Spannung von 2,5V entladen wurde. Die thermi\u00adsche Randbe\u00addin\u00adgung ist freie Konvektion.&nbsp;<\/div>\n<\/td>\n<td style=\"text-align:right\">\n<span style=\"font-size: 10px\">nominal<\/span>&nbsp;3 Ah<br>\n<span style=\"font-size: 10px\">C\/10<\/span>&nbsp;3,04 Ah<\/td>\n<\/tr>\n<tr>\n<td>Strom<br>\n<span class=\"collapseomatic noarrow\" id=\"id691c6c513f281\" title=\"definition\">defini\u00adtion<\/span><span id=\"swap-id691c6c513f281\" class=\"colomat-swap\">schlie\u00dfen<\/span>\n<div id=\"target-id691c6c513f281\" class=\"collapseomatic_content collapsible_orange\">\nAlle Gr\u00f6\u00dfen sind Messergeb\u00adnisse aus dem Batemo-Batte\u00adrie\u00adlabor.<br> Der konti\u00adnu\u00adier\u00adliche Strom ist der h\u00f6chste Strom, der die Zelle vollst\u00e4ndig entl\u00e4dt, ohne sie zu \u00fcberhitzen. Dazu wird die Zelle von 100% Ladezu\u00adstand (SOC) bei einer Umgebungs\u00adtem\u00adpe\u00adratur von 25\u00b0C mit konstantem Strom bis zu einem Rest-Ladezu\u00adstand von 10% und entweder der unteren Spannungs\u00adgrenze von 2,5V oder 90% der maximalen Oberfl\u00e4\u00adchen\u00adtem\u00adpe\u00adratur (72\u00b0C) entladen.<br> Der Spitzen\u00adstrom ist der Strom, den die Zelle 5 Minuten lang liefern kann. Dazu wird die Zelle von 100% SOC bei einer Umgebungs\u00adtem\u00adpe\u00adratur von 25\u00b0C mit konstantem Strom entladen, bis sie entweder die untere Spannungs\u00adgrenze von 2,5V oder die maximale Oberfl\u00e4\u00adchen\u00adtem\u00adpe\u00adratur von 80\u00b0C nach 5 Minuten erreicht. F\u00fcr Zellen, die die maximale Oberfl\u00e4\u00adchen\u00adtem\u00adpe\u00adratur errei\u00adchen, wird der gemes\u00adsene Strom direkt als Spitzen\u00adstrom \u00fcbernommen. F\u00fcr Zellen, die nach 5 Minuten nicht die maximale Oberfl\u00e4\u00adchen\u00adtem\u00adpe\u00adratur errei\u00adchen, weil sie zuerst die untere Spannungs\u00adgrenze errei\u00adchen, wird der gemes\u00adsene Strom mit einem Korrek\u00adtur\u00adfaktor multi\u00adpli\u00adziert, der den Strom absch\u00e4tzt, der die Zelle inner\u00adhalb von 5 Minuten auf die maximale Oberfl\u00e4\u00adchen\u00adtem\u00adpe\u00adratur erhitzt h\u00e4tte.<br> Die thermi\u00adsche Randbe\u00addin\u00adgung ist freie Konvek\u00adtion. Diese Betriebs\u00adbe\u00addin\u00adgungen k\u00f6nnen au\u00dfer\u00adhalb der Spezi\u00adfi\u00adka\u00adtion des Zellher\u00adstel\u00adlers liegen.&nbsp;<\/div>\n<\/td>\n<td style=\"text-align:right\">\n<span style=\"font-size: 10px\">konti\u00adnu\u00adier\u00adlich<\/span>&nbsp;33 A<br>\n<span style=\"font-size: 10px\">Spitze<\/span>&nbsp;39,2 A<\/td>\n<\/tr>\n<tr>\n<td>Energie<br>\n<span class=\"collapseomatic noarrow\" id=\"id691c6c513f2ce\" title=\"definition\">defini\u00adtion<\/span><span id=\"swap-id691c6c513f2ce\" class=\"colomat-swap\">schlie\u00dfen<\/span>\n<div id=\"target-id691c6c513f2ce\" class=\"collapseomatic_content collapsible_orange\">\nBatemo hat die C\/10-Energie gemessen, indem die Zelle bei einer Umgebungs\u00adtem\u00adpe\u00adratur von 25\u00b0C von 100% mit einem konstanten Strom von 0,3A (0,1C) bis zum Errei\u00adchen der Spannung von 2,5V entladen wurde. Die thermi\u00adsche Randbe\u00addin\u00adgung ist freie Konvektion.&nbsp;<\/div>\n<\/td>\n<td style=\"text-align:right\">\n<span style=\"font-size: 10px\">C\/10<\/span>&nbsp;11,2 Wh<\/td>\n<\/tr>\n<tr>\n<td>Leistung<br>\n<span class=\"collapseomatic noarrow\" id=\"id691c6c513f310\" title=\"definition\">defini\u00adtion<\/span><span id=\"swap-id691c6c513f310\" class=\"colomat-swap\">schlie\u00dfen<\/span>\n<div id=\"target-id691c6c513f310\" class=\"collapseomatic_content collapsible_orange\">\nAlle Angaben sind Messergeb\u00adnisse aus dem Batemo-Batte\u00adrie\u00adlabor.<br> Die konti\u00adnu\u00adier\u00adliche Leistung ist die h\u00f6chste Leistung, die die Zelle vollst\u00e4ndig entl\u00e4dt, ohne sie zu \u00fcberhitzen. Daher wird die Zelle von 100% Ladezu\u00adstand (SOC) bei einer Umgebungs\u00adtem\u00adpe\u00adratur von 25\u00b0C mit konstantem Strom bis zu einem Rest-Ladezu\u00adstand von 10% und entweder der unteren Spannungs\u00adgrenze von 2,5V oder 90% der maximalen Oberfl\u00e4\u00adchen\u00adtem\u00adpe\u00adratur ( 72\u00b0C) entladen.<br> Die Spitzen\u00adleis\u00adtung ist die Leistung, die die Zelle 5 Minuten lang liefern kann. Daher wird die Zelle von 100% SOC bei einer Umgebungs\u00adtem\u00adpe\u00adratur von 25\u00b0C mit konstantem Strom entladen, bis sie entweder die untere Spannungs\u00adgrenze von 2,5V oder die maximale Oberfl\u00e4\u00adchen\u00adtem\u00adpe\u00adratur von 80\u00b0C nach 5 Minuten erreicht. F\u00fcr Zellen, die die maximale Tempe\u00adra\u00adtur\u00adgrenze errei\u00adchen, wird die gemes\u00adsene Leistung direkt als Spitzen\u00adleis\u00adtung \u00fcbernommen. F\u00fcr Zellen, die nach 5 Minuten nicht die maximale Oberfl\u00e4\u00adchen\u00adtem\u00adpe\u00adratur errei\u00adchen, weil sie zuerst die untere Spannungs\u00adgrenze errei\u00adchen, wird die gemes\u00adsene Leistung mit einem Korrek\u00adtur\u00adfaktor multi\u00adpli\u00adziert, der die Leistung absch\u00e4tzt, die die Zelle inner\u00adhalb von 5 Minuten auf die maximale Oberfl\u00e4\u00adchen\u00adtem\u00adpe\u00adratur erhitzt h\u00e4tte.<br> Die thermi\u00adsche Randbe\u00addin\u00adgung ist freie Konvek\u00adtion. Diese Betriebs\u00adbe\u00addin\u00adgungen k\u00f6nnen au\u00dfer\u00adhalb der Spezi\u00adfi\u00adka\u00adtion des Zellher\u00adstel\u00adlers liegen.&nbsp;<\/div>\n<\/td>\n<td style=\"text-align:right\">\n<span style=\"font-size: 10px\">konti\u00adnu\u00adier\u00adlich<\/span>&nbsp;115 W<br>\n<span style=\"font-size: 10px\">Spitze<\/span>&nbsp;136 W<\/td>\n<\/tr>\n<tr>\n<td>Energie\u00addichte<br>\n<span class=\"collapseomatic noarrow\" id=\"id691c6c513f34e\" title=\"definition\">defini\u00adtion<\/span><span id=\"swap-id691c6c513f34e\" class=\"colomat-swap\">schlie\u00dfen<\/span>\n<div id=\"target-id691c6c513f34e\" class=\"collapseomatic_content collapsible_orange\">\nDie Energie\u00addichten ergeben sich aus der C\/10-Energie, dem Zellge\u00adwicht und dem Zellvolumen.&nbsp;<\/div>\n<\/td>\n<td style=\"text-align:right\">\n<span style=\"font-size: 10px\">gravi\u00adme\u00adtrisch<\/span>&nbsp;232 Wh\/kg<br>\n<span style=\"font-size: 10px\">volume\u00adtrisch<\/span>&nbsp;654 Wh\/l<\/td>\n<\/tr>\n<tr>\n<td>Leistungs\u00addichte<br>\n<span class=\"collapseomatic noarrow\" id=\"id691c6c513f38c\" title=\"definition\">defini\u00adtion<\/span><span id=\"swap-id691c6c513f38c\" class=\"colomat-swap\">schlie\u00dfen<\/span>\n<div id=\"target-id691c6c513f38c\" class=\"collapseomatic_content collapsible_orange\">\nDie Leistungs\u00addichten ergeben sich aus der Spitzen\u00adleis\u00adtung, dem Zellge\u00adwicht und dem Zellvolumen.&nbsp;<\/div>\n<\/td>\n<td style=\"text-align:right\">\n<span style=\"font-size: 10px\">gravi\u00adme\u00adtrisch<\/span>&nbsp;2,81 kW\/kg<br>\n<span style=\"font-size: 10px\">volume\u00adtrisch<\/span>&nbsp;7,92 kW\/l<\/td>\n<\/tr>\n<\/tbody>\n<\/table>\n","protected":false},"excerpt":{"rendered":"<p>Erhalten Sie alles, was Sie f\u00fcr die Lithium-Ionen Batte\u00adrie\u00adzelle Ampace JP30P1(C) ben\u00f6tigen: Umfang\u00adreiche Messdaten im gesamten Betriebsbereich.<\/p>\n","protected":false},"featured_media":132237,"template":"","meta":{"_acf_changed":false,"wp_typography_post_enhancements_disabled":false,"ocean_post_layout":"","ocean_both_sidebars_style":"","ocean_both_sidebars_content_width":0,"ocean_both_sidebars_sidebars_width":0,"ocean_sidebar":"0","ocean_second_sidebar":"0","ocean_disable_margins":"enable","ocean_add_body_class":"","ocean_shortcode_before_top_bar":"","ocean_shortcode_after_top_bar":"","ocean_shortcode_before_header":"","ocean_shortcode_after_header":"","ocean_has_shortcode":"","ocean_shortcode_after_title":"","ocean_shortcode_before_footer_widgets":"","ocean_shortcode_after_footer_widgets":"","ocean_shortcode_before_footer_bottom":"","ocean_shortcode_after_footer_bottom":"","ocean_display_top_bar":"default","ocean_display_header":"default","ocean_header_style":"","ocean_center_header_left_menu":"0","ocean_custom_header_template":"0","ocean_custom_logo":0,"ocean_custom_retina_logo":0,"ocean_custom_logo_max_width":0,"ocean_custom_logo_tablet_max_width":0,"ocean_custom_logo_mobile_max_width":0,"ocean_custom_logo_max_height":0,"ocean_custom_logo_tablet_max_height":0,"ocean_custom_logo_mobile_max_height":0,"ocean_header_custom_menu":"0","ocean_menu_typo_font_family":"0","ocean_menu_typo_font_subset":"","ocean_menu_typo_font_size":0,"ocean_menu_typo_font_size_tablet":0,"ocean_menu_typo_font_size_mobile":0,"ocean_menu_typo_font_size_unit":"px","ocean_menu_typo_font_weight":"","ocean_menu_typo_font_weight_tablet":"","ocean_menu_typo_font_weight_mobile":"","ocean_menu_typo_transform":"","ocean_menu_typo_transform_tablet":"","ocean_menu_typo_transform_mobile":"","ocean_menu_typo_line_height":0,"ocean_menu_typo_line_height_tablet":0,"ocean_menu_typo_line_height_mobile":0,"ocean_menu_typo_line_height_unit":"","ocean_menu_typo_spacing":0,"ocean_menu_typo_spacing_tablet":0,"ocean_menu_typo_spacing_mobile":0,"ocean_menu_typo_spacing_unit":"","ocean_menu_link_color":"","ocean_menu_link_color_hover":"","ocean_menu_link_color_active":"","ocean_menu_link_background":"","ocean_menu_link_hover_background":"","ocean_menu_link_active_background":"","ocean_menu_social_links_bg":"","ocean_menu_social_hover_links_bg":"","ocean_menu_social_links_color":"","ocean_menu_social_hover_links_color":"","ocean_disable_title":"default","ocean_disable_heading":"default","ocean_post_title":"","ocean_post_subheading":"","ocean_post_title_style":"","ocean_post_title_background_color":"","ocean_post_title_background":0,"ocean_post_title_bg_image_position":"","ocean_post_title_bg_image_attachment":"","ocean_post_title_bg_image_repeat":"","ocean_post_title_bg_image_size":"","ocean_post_title_height":0,"ocean_post_title_bg_overlay":0.5,"ocean_post_title_bg_overlay_color":"","ocean_disable_breadcrumbs":"default","ocean_breadcrumbs_color":"","ocean_breadcrumbs_separator_color":"","ocean_breadcrumbs_links_color":"","ocean_breadcrumbs_links_hover_color":"","ocean_display_footer_widgets":"default","ocean_display_footer_bottom":"default","ocean_custom_footer_template":"0","_links_to":"","_links_to_target":""},"product_brand":[],"product_cat":[2418],"product_tag":[16698,2426,16687,16716,23593,12182,16682],"class_list":{"0":"post-125512","1":"product","2":"type-product","3":"status-publish","4":"has-post-thumbnail","6":"product_cat-18650-de","7":"product_tag-aviation-de","8":"product_tag-batemo-cell-data-de","9":"product_tag-light-mobility-de","10":"product_tag-motorsports-de","11":"product_tag-no-model-de","12":"product_tag-no-report-de","13":"product_tag-power-tools-de","14":"pa_capacity-3-ah","15":"pa_continuous_current-3304-a","16":"pa_continuous_power-1147-w","17":"pa_dimensions-183-x-65-mm","18":"pa_energy-112-wh","19":"pa_format-18650-de","20":"pa_gravimetric_capacity_density-63-ah-kg","21":"pa_gravimetric_current_density-8131-a-kg","22":"pa_gravimetric_energy_density-2321-wh-kg","23":"pa_gravimetric_power_density-2812-w-kg","24":"pa_manufacturer-ampace-de","25":"pa_nominal_capacity-3-ah","26":"pa_peak_current-3919-a","27":"pa_peak_power-1356-w","28":"pa_temperature_range-20-80-c","29":"pa_voltage_range-25-425-v","30":"pa_volumetric_capacity_density-1776-ah-l","31":"pa_volumetric_current_density-22909-a-l","32":"pa_volumetric_energy_density-654-wh-l","33":"pa_volumetric_power_density-7924-w-l","34":"pa_weight-00482-kg","35":"entry","36":"has-media","38":"first","39":"instock","40":"taxable","41":"shipping-taxable","42":"product-type-simple"},"acf":[],"yoast_head":"<!-- This site is optimized with the Yoast SEO Premium plugin v26.9 (Yoast SEO v26.9) - https:\/\/yoast.com\/product\/yoast-seo-premium-wordpress\/ -->\n<title>Ampace JP30P1(C) Batteriedaten, Modell und Bericht<\/title>\n<meta name=\"description\" content=\"Erhalten Sie Messdaten, ein hochpr\u00e4zises Modell und einen detaillierten Bericht der Lithium-Ion Batteriezelle Ampace JP30P1(C).\" \/>\n<meta name=\"robots\" content=\"index, follow, max-snippet:-1, max-image-preview:large, max-video-preview:-1\" \/>\n<link rel=\"canonical\" href=\"https:\/\/www.batemo.com\/de\/products\/batemo-cell-explorer\/ampace-jp30p1c\/\" \/>\n<meta property=\"og:locale\" content=\"de_DE\" \/>\n<meta property=\"og:type\" content=\"article\" \/>\n<meta property=\"og:title\" content=\"JP30P1(C)\" \/>\n<meta property=\"og:description\" content=\"Erhalten Sie Messdaten, ein hochpr\u00e4zises Modell und einen detaillierten Bericht der Lithium-Ion Batteriezelle Ampace JP30P1(C).\" \/>\n<meta property=\"og:url\" content=\"https:\/\/www.batemo.com\/de\/products\/batemo-cell-explorer\/ampace-jp30p1c\/\" \/>\n<meta property=\"og:site_name\" content=\"Batemo GmbH\" \/>\n<meta property=\"article:modified_time\" content=\"2025-11-18T12:53:45+00:00\" \/>\n<meta property=\"og:image\" content=\"https:\/\/www.batemo.com\/wp-content\/uploads\/Ampace_JP30P1C_virtual.png\" \/>\n\t<meta property=\"og:image:width\" content=\"1000\" \/>\n\t<meta property=\"og:image:height\" content=\"1000\" \/>\n\t<meta property=\"og:image:type\" content=\"image\/png\" \/>\n<meta name=\"twitter:card\" content=\"summary_large_image\" \/>\n<meta name=\"twitter:label1\" content=\"Gesch\u00e4tzte Lesezeit\" \/>\n\t<meta name=\"twitter:data1\" content=\"3\u00a0Minuten\" \/>\n<script type=\"application\/ld+json\" class=\"yoast-schema-graph\">{\"@context\":\"https:\/\/schema.org\",\"@graph\":[{\"@type\":[\"WebPage\",\"ItemPage\"],\"@id\":\"https:\/\/www.batemo.com\/de\/products\/batemo-cell-explorer\/ampace-jp30p1c\/\",\"url\":\"https:\/\/www.batemo.com\/de\/products\/batemo-cell-explorer\/ampace-jp30p1c\/\",\"name\":\"Ampace JP30P1(C) Batteriedaten, Modell und Bericht\",\"isPartOf\":{\"@id\":\"https:\/\/batemo.com\/#website\"},\"primaryImageOfPage\":{\"@id\":\"https:\/\/www.batemo.com\/de\/products\/batemo-cell-explorer\/ampace-jp30p1c\/#primaryimage\"},\"image\":{\"@id\":\"https:\/\/www.batemo.com\/de\/products\/batemo-cell-explorer\/ampace-jp30p1c\/#primaryimage\"},\"thumbnailUrl\":\"https:\/\/www.batemo.com\/wp-content\/uploads\/Ampace_JP30P1C_virtual.png\",\"datePublished\":\"2025-07-25T08:21:18+00:00\",\"dateModified\":\"2025-11-18T12:53:45+00:00\",\"description\":\"Erhalten Sie Messdaten, ein hochpr\u00e4zises Modell und einen detaillierten Bericht der Lithium-Ion Batteriezelle Ampace JP30P1(C).\",\"breadcrumb\":{\"@id\":\"https:\/\/www.batemo.com\/de\/products\/batemo-cell-explorer\/ampace-jp30p1c\/#breadcrumb\"},\"inLanguage\":\"de\",\"potentialAction\":[{\"@type\":\"ReadAction\",\"target\":[\"https:\/\/www.batemo.com\/de\/products\/batemo-cell-explorer\/ampace-jp30p1c\/\"]}]},{\"@type\":\"ImageObject\",\"inLanguage\":\"de\",\"@id\":\"https:\/\/www.batemo.com\/de\/products\/batemo-cell-explorer\/ampace-jp30p1c\/#primaryimage\",\"url\":\"https:\/\/www.batemo.com\/wp-content\/uploads\/Ampace_JP30P1C_virtual.png\",\"contentUrl\":\"https:\/\/www.batemo.com\/wp-content\/uploads\/Ampace_JP30P1C_virtual.png\",\"width\":1000,\"height\":1000},{\"@type\":\"BreadcrumbList\",\"@id\":\"https:\/\/www.batemo.com\/de\/products\/batemo-cell-explorer\/ampace-jp30p1c\/#breadcrumb\",\"itemListElement\":[{\"@type\":\"ListItem\",\"position\":1,\"name\":\"Batemo\",\"item\":\"https:\/\/www.batemo.com\/de\/\"},{\"@type\":\"ListItem\",\"position\":2,\"name\":\"Batemo Cell Explorer\",\"item\":\"https:\/\/www.batemo.com\/de\/products\/batemo-cell-explorer\/\"},{\"@type\":\"ListItem\",\"position\":3,\"name\":\"JP30P1(C)\"}]},{\"@type\":\"WebSite\",\"@id\":\"https:\/\/batemo.com\/#website\",\"url\":\"https:\/\/batemo.com\/\",\"name\":\"Batemo GmbH\",\"description\":\"Understanding Batteries\",\"publisher\":{\"@id\":\"https:\/\/batemo.com\/#organization\"},\"potentialAction\":[{\"@type\":\"SearchAction\",\"target\":{\"@type\":\"EntryPoint\",\"urlTemplate\":\"https:\/\/batemo.com\/?s={search_term_string}\"},\"query-input\":{\"@type\":\"PropertyValueSpecification\",\"valueRequired\":true,\"valueName\":\"search_term_string\"}}],\"inLanguage\":\"de\"},{\"@type\":\"Organization\",\"@id\":\"https:\/\/batemo.com\/#organization\",\"name\":\"Batemo GmbH\",\"url\":\"https:\/\/batemo.com\/\",\"logo\":{\"@type\":\"ImageObject\",\"inLanguage\":\"de\",\"@id\":\"https:\/\/batemo.com\/#\/schema\/logo\/image\/\",\"url\":\"https:\/\/batemo.com\/wp-content\/uploads\/Batemo-Logo.png\",\"contentUrl\":\"https:\/\/batemo.com\/wp-content\/uploads\/Batemo-Logo.png\",\"width\":499,\"height\":127,\"caption\":\"Batemo GmbH\"},\"image\":{\"@id\":\"https:\/\/batemo.com\/#\/schema\/logo\/image\/\"},\"sameAs\":[\"https:\/\/www.linkedin.com\/company\/batemo\/\"]}]}<\/script>\n<!-- \/ Yoast SEO Premium plugin. -->","yoast_head_json":{"title":"Ampace JP30P1(C) Batteriedaten, Modell und Bericht","description":"Erhalten Sie Messdaten, ein hochpr\u00e4zises Modell und einen detaillierten Bericht der Lithium-Ion Batteriezelle Ampace JP30P1(C).","robots":{"index":"index","follow":"follow","max-snippet":"max-snippet:-1","max-image-preview":"max-image-preview:large","max-video-preview":"max-video-preview:-1"},"canonical":"https:\/\/www.batemo.com\/de\/products\/batemo-cell-explorer\/ampace-jp30p1c\/","og_locale":"de_DE","og_type":"article","og_title":"JP30P1(C)","og_description":"Erhalten Sie Messdaten, ein hochpr\u00e4zises Modell und einen detaillierten Bericht der Lithium-Ion Batteriezelle Ampace JP30P1(C).","og_url":"https:\/\/www.batemo.com\/de\/products\/batemo-cell-explorer\/ampace-jp30p1c\/","og_site_name":"Batemo GmbH","article_modified_time":"2025-11-18T12:53:45+00:00","og_image":[{"width":1000,"height":1000,"url":"https:\/\/www.batemo.com\/wp-content\/uploads\/Ampace_JP30P1C_virtual.png","type":"image\/png"}],"twitter_card":"summary_large_image","twitter_misc":{"Gesch\u00e4tzte Lesezeit":"3\u00a0Minuten"},"schema":{"@context":"https:\/\/schema.org","@graph":[{"@type":["WebPage","ItemPage"],"@id":"https:\/\/www.batemo.com\/de\/products\/batemo-cell-explorer\/ampace-jp30p1c\/","url":"https:\/\/www.batemo.com\/de\/products\/batemo-cell-explorer\/ampace-jp30p1c\/","name":"Ampace JP30P1(C) Batteriedaten, Modell und Bericht","isPartOf":{"@id":"https:\/\/batemo.com\/#website"},"primaryImageOfPage":{"@id":"https:\/\/www.batemo.com\/de\/products\/batemo-cell-explorer\/ampace-jp30p1c\/#primaryimage"},"image":{"@id":"https:\/\/www.batemo.com\/de\/products\/batemo-cell-explorer\/ampace-jp30p1c\/#primaryimage"},"thumbnailUrl":"https:\/\/www.batemo.com\/wp-content\/uploads\/Ampace_JP30P1C_virtual.png","datePublished":"2025-07-25T08:21:18+00:00","dateModified":"2025-11-18T12:53:45+00:00","description":"Erhalten Sie Messdaten, ein hochpr\u00e4zises Modell und einen detaillierten Bericht der Lithium-Ion Batteriezelle Ampace JP30P1(C).","breadcrumb":{"@id":"https:\/\/www.batemo.com\/de\/products\/batemo-cell-explorer\/ampace-jp30p1c\/#breadcrumb"},"inLanguage":"de","potentialAction":[{"@type":"ReadAction","target":["https:\/\/www.batemo.com\/de\/products\/batemo-cell-explorer\/ampace-jp30p1c\/"]}]},{"@type":"ImageObject","inLanguage":"de","@id":"https:\/\/www.batemo.com\/de\/products\/batemo-cell-explorer\/ampace-jp30p1c\/#primaryimage","url":"https:\/\/www.batemo.com\/wp-content\/uploads\/Ampace_JP30P1C_virtual.png","contentUrl":"https:\/\/www.batemo.com\/wp-content\/uploads\/Ampace_JP30P1C_virtual.png","width":1000,"height":1000},{"@type":"BreadcrumbList","@id":"https:\/\/www.batemo.com\/de\/products\/batemo-cell-explorer\/ampace-jp30p1c\/#breadcrumb","itemListElement":[{"@type":"ListItem","position":1,"name":"Batemo","item":"https:\/\/www.batemo.com\/de\/"},{"@type":"ListItem","position":2,"name":"Batemo Cell Explorer","item":"https:\/\/www.batemo.com\/de\/products\/batemo-cell-explorer\/"},{"@type":"ListItem","position":3,"name":"JP30P1(C)"}]},{"@type":"WebSite","@id":"https:\/\/batemo.com\/#website","url":"https:\/\/batemo.com\/","name":"Batemo GmbH","description":"Understanding Batteries","publisher":{"@id":"https:\/\/batemo.com\/#organization"},"potentialAction":[{"@type":"SearchAction","target":{"@type":"EntryPoint","urlTemplate":"https:\/\/batemo.com\/?s={search_term_string}"},"query-input":{"@type":"PropertyValueSpecification","valueRequired":true,"valueName":"search_term_string"}}],"inLanguage":"de"},{"@type":"Organization","@id":"https:\/\/batemo.com\/#organization","name":"Batemo GmbH","url":"https:\/\/batemo.com\/","logo":{"@type":"ImageObject","inLanguage":"de","@id":"https:\/\/batemo.com\/#\/schema\/logo\/image\/","url":"https:\/\/batemo.com\/wp-content\/uploads\/Batemo-Logo.png","contentUrl":"https:\/\/batemo.com\/wp-content\/uploads\/Batemo-Logo.png","width":499,"height":127,"caption":"Batemo GmbH"},"image":{"@id":"https:\/\/batemo.com\/#\/schema\/logo\/image\/"},"sameAs":["https:\/\/www.linkedin.com\/company\/batemo\/"]}]}},"_links":{"self":[{"href":"https:\/\/www.batemo.com\/de\/wp-json\/wp\/v2\/product\/125512","targetHints":{"allow":["GET"]}}],"collection":[{"href":"https:\/\/www.batemo.com\/de\/wp-json\/wp\/v2\/product"}],"about":[{"href":"https:\/\/www.batemo.com\/de\/wp-json\/wp\/v2\/types\/product"}],"version-history":[{"count":2,"href":"https:\/\/www.batemo.com\/de\/wp-json\/wp\/v2\/product\/125512\/revisions"}],"predecessor-version":[{"id":132256,"href":"https:\/\/www.batemo.com\/de\/wp-json\/wp\/v2\/product\/125512\/revisions\/132256"}],"wp:featuredmedia":[{"embeddable":true,"href":"https:\/\/www.batemo.com\/de\/wp-json\/wp\/v2\/media\/132237"}],"wp:attachment":[{"href":"https:\/\/www.batemo.com\/de\/wp-json\/wp\/v2\/media?parent=125512"}],"wp:term":[{"taxonomy":"product_brand","embeddable":true,"href":"https:\/\/www.batemo.com\/de\/wp-json\/wp\/v2\/product_brand?post=125512"},{"taxonomy":"product_cat","embeddable":true,"href":"https:\/\/www.batemo.com\/de\/wp-json\/wp\/v2\/product_cat?post=125512"},{"taxonomy":"product_tag","embeddable":true,"href":"https:\/\/www.batemo.com\/de\/wp-json\/wp\/v2\/product_tag?post=125512"}],"curies":[{"name":"wp","href":"https:\/\/api.w.org\/{rel}","templated":true}]}}