{"id":46822,"date":"2023-06-02T14:30:22","date_gmt":"2023-06-02T12:30:22","guid":{"rendered":"https:\/\/www.batemo.com\/products\/batemo-cell-explorer\/bak-battery-n21700cgp\/"},"modified":"2025-09-18T12:00:12","modified_gmt":"2025-09-18T10:00:12","slug":"bak-battery-n21700cgp","status":"publish","type":"product","link":"https:\/\/www.batemo.com\/es\/products\/batemo-cell-explorer\/bak-battery-n21700cgp\/","title":{"rendered":"N21700CGP"},"content":{"rendered":"<table style=\"color:white\" border=\"5\" cellspacing=\"0\" cellpadding=\"2\">\n<colgroup>\n<col width=\"50%\">\n<col width=\"50%\"> <\/colgroup>\n<tbody>\n<tr>\n<td>Origen de la&nbsp;celda<\/td>\n<td style=\"text-align:right\">comprado en el mercado libre<\/td>\n<\/tr>\n<tr>\n<td>Formato de la&nbsp;celda<\/td>\n<td style=\"text-align:right\">21700<\/td>\n<\/tr>\n<tr>\n<td>Dimen\u00adsiones<\/td>\n<td style=\"text-align:right\">21,1 x 70,2&nbsp;mm<\/td>\n<\/tr>\n<tr>\n<td>Peso<\/td>\n<td style=\"text-align:right\">68,2 g<\/td>\n<\/tr>\n<tr>\n<td>Capacidad<br>\n<span class=\"collapseomatic noarrow\" id=\"id68cbd820f00fe\" title=\"definici\u00f3n\">defini\u00adci\u00f3n<\/span><span id=\"swap-id68cbd820f00fe\" class=\"colomat-swap\">cerrar<\/span>\n<div id=\"target-id68cbd820f00fe\" class=\"collapseomatic_content collapsible_orange\">\nLa capacidad nominal proviene de la hoja de datos del fabri\u00adcante, si est\u00e1 dispo\u00adnible. Cuando la hoja de datos no est\u00e1 dispo\u00adnible, se estima la capacidad nominal. Batemo midi\u00f3 la capacidad C\/10 descar\u00adgando la celda a una tempe\u00adra\u00adtura ambiente de 25\u00b0C desde el 100% con una corriente constante de 0,4A (0.1C) hasta alcanzar el voltaje de 2,5V. La condi\u00adci\u00f3n l\u00edmite t\u00e9rmica es la convec\u00adci\u00f3n&nbsp;libre.&nbsp;<\/div>\n<\/td>\n<td style=\"text-align:right\">\n<span style=\"font-size: 10px\">nominal<\/span>&nbsp;4 Ah<br>\n<span style=\"font-size: 10px\">C\/10<\/span>&nbsp;3,97 Ah<\/td>\n<\/tr>\n<tr>\n<td>Corriente<br>\n<span class=\"collapseomatic noarrow\" id=\"id68cbd820f0174\" title=\"definici\u00f3n\">defini\u00adci\u00f3n<\/span><span id=\"swap-id68cbd820f0174\" class=\"colomat-swap\">cerrar<\/span>\n<div id=\"target-id68cbd820f0174\" class=\"collapseomatic_content collapsible_orange\">\nTodas las canti\u00addades son resul\u00adtados de mediciones del labora\u00adtorio de bater\u00edas de Batemo.<br> La corriente continua es la corriente m\u00e1s alta que descarga comple\u00adta\u00admente la celda sin sobre\u00adca\u00adlen\u00adtarla. Por lo tanto, la celda se descarga del 100% del estado de carga (SOC) a una tempe\u00adra\u00adtura ambiente de 25\u00b0C con una corriente constante hasta un estado de carga residual del 10% y ya sea el l\u00edmite de voltaje inferior de 2,5V o el 90% de la tempe\u00adra\u00adtura m\u00e1xima de la super\u00adficie (68\u00b0C) se alcanza.<br> La corriente m\u00e1xima es la corriente que la celda puede suminis\u00adtrar durante 5 minutos. Por lo tanto, la celda se descarga del 100% del SOC a una tempe\u00adra\u00adtura ambiente de 25\u00b0C con una corriente constante hasta que alcance ya sea el l\u00edmite de voltaje inferior de 2,5V o la tempe\u00adra\u00adtura m\u00e1xima de la super\u00adficie de 75\u00b0C despu\u00e9s de 5 minutos. Para las celdas que alcanzan la tempe\u00adra\u00adtura m\u00e1xima de la super\u00adficie, la corriente medida se toma direc\u00adta\u00admente como corriente m\u00e1xima. Para las celdas que no alcanzan la tempe\u00adra\u00adtura m\u00e1xima de la super\u00adficie despu\u00e9s de 5 minutos porque alcanzan primero el l\u00edmite de voltaje inferior, la corriente medida se multi\u00adplica por un factor de correc\u00adci\u00f3n que estima la corriente que habr\u00eda calen\u00adtado la celda a la tempe\u00adra\u00adtura m\u00e1xima de la super\u00adficie en 5 minutos.<br> La condi\u00adci\u00f3n l\u00edmite t\u00e9rmica es la convec\u00adci\u00f3n libre. Estas condi\u00adciones de funcio\u00adna\u00admiento pueden estar fuera de las especi\u00adfi\u00adca\u00adciones del fabri\u00adcante de la&nbsp;celda.&nbsp;<\/div>\n<\/td>\n<td style=\"text-align:right\">\n<span style=\"font-size: 10px\">continua<\/span>&nbsp;18,7 A<br>\n<span style=\"font-size: 10px\">pico<\/span>&nbsp;29,5 A<\/td>\n<\/tr>\n<tr>\n<td>Energ\u00eda<br>\n<span class=\"collapseomatic noarrow\" id=\"id68cbd820f01b2\" title=\"definici\u00f3n\">defini\u00adci\u00f3n<\/span><span id=\"swap-id68cbd820f01b2\" class=\"colomat-swap\">cerrar<\/span>\n<div id=\"target-id68cbd820f01b2\" class=\"collapseomatic_content collapsible_orange\">\nBatemo midi\u00f3 la energ\u00eda C\/10 descar\u00adgando la celda a una tempe\u00adra\u00adtura ambiente de 25\u00b0C desde el 100% con una corriente constante de 0,4A (0.1C) hasta alcanzar el voltaje de 2,5V. La condi\u00adci\u00f3n l\u00edmite t\u00e9rmica es la convec\u00adci\u00f3n&nbsp;libre.&nbsp;<\/div>\n<\/td>\n<td style=\"text-align:right\">\n<span style=\"font-size: 10px\">C\/10<\/span>&nbsp;14,6 Wh<\/td>\n<\/tr>\n<tr>\n<td>Potencia<br>\n<span class=\"collapseomatic noarrow\" id=\"id68cbd820f01e7\" title=\"definici\u00f3n\">defini\u00adci\u00f3n<\/span><span id=\"swap-id68cbd820f01e7\" class=\"colomat-swap\">cerrar<\/span>\n<div id=\"target-id68cbd820f01e7\" class=\"collapseomatic_content collapsible_orange\">\nTodas las canti\u00addades son resul\u00adtados de mediciones del labora\u00adtorio de bater\u00edas de Batemo.<br> La potencia continua es la mayor potencia que descarga comple\u00adta\u00admente la celda sin sobre\u00adca\u00adlen\u00adtarla. Por lo tanto, la celda se descarga del 100% del estado de carga (SOC) a una tempe\u00adra\u00adtura ambiente de 25\u00b0C con una corriente constante hasta un estado de carga residual del 10% y ya sea el l\u00edmite de voltaje inferior de 2,5V o el 90% de la tempe\u00adra\u00adtura m\u00e1xima de la super\u00adficie ( 68\u00b0C) se alcanza.<br> La potencia m\u00e1xima es la potencia que la celda puede suminis\u00adtrar durante 5 minutos. Por lo tanto, la celda se descarga del 100% del SOC a una tempe\u00adra\u00adtura ambiente de 25\u00b0C con una corriente constante hasta que alcance ya sea el l\u00edmite de voltaje inferior de 2,5V o la tempe\u00adra\u00adtura m\u00e1xima de la super\u00adficie de 75\u00b0C despu\u00e9s de 5 minutos. Para las celdas que alcanzan el l\u00edmite de tempe\u00adra\u00adtura m\u00e1xima, la potencia medida se toma direc\u00adta\u00admente como potencia m\u00e1xima. Para las celdas que no alcanzan la tempe\u00adra\u00adtura m\u00e1xima de la super\u00adficie despu\u00e9s de 5 minutos porque alcanzan primero el l\u00edmite de voltaje inferior, la potencia medida se multi\u00adplica por un factor de correc\u00adci\u00f3n que estima la potencia que habr\u00eda calen\u00adtado la celda a la tempe\u00adra\u00adtura m\u00e1xima de la super\u00adficie en 5 minutos.<br> La condi\u00adci\u00f3n l\u00edmite t\u00e9rmica es la convec\u00adci\u00f3n libre. Estas condi\u00adciones de funcio\u00adna\u00admiento pueden estar fuera de las especi\u00adfi\u00adca\u00adciones del fabri\u00adcante de la&nbsp;celda.&nbsp;<\/div>\n<\/td>\n<td style=\"text-align:right\">\n<span style=\"font-size: 10px\">continua<\/span>&nbsp;63,6 W<br>\n<span style=\"font-size: 10px\">pico<\/span>&nbsp;100 W<\/td>\n<\/tr>\n<tr>\n<td>Densidad de energ\u00eda<br>\n<span class=\"collapseomatic noarrow\" id=\"id68cbd820f021a\" title=\"definici\u00f3n\">defini\u00adci\u00f3n<\/span><span id=\"swap-id68cbd820f021a\" class=\"colomat-swap\">cerrar<\/span>\n<div id=\"target-id68cbd820f021a\" class=\"collapseomatic_content collapsible_orange\">\nLas densi\u00addades de energ\u00eda resultan de la energ\u00eda C\/10, el peso de la celda y el volumen de la&nbsp;celda.&nbsp;<\/div>\n<\/td>\n<td style=\"text-align:right\">\n<span style=\"font-size: 10px\">gravi\u00adm\u00e9\u00adtrica<\/span>&nbsp;213 Wh\/kg<br>\n<span style=\"font-size: 10px\">volum\u00e9\u00adtrica<\/span>&nbsp;593 Wh\/l<\/td>\n<\/tr>\n<tr>\n<td>Densidad de potencia<br>\n<span class=\"collapseomatic noarrow\" id=\"id68cbd820f024c\" title=\"definici\u00f3n\">defini\u00adci\u00f3n<\/span><span id=\"swap-id68cbd820f024c\" class=\"colomat-swap\">cerrar<\/span>\n<div id=\"target-id68cbd820f024c\" class=\"collapseomatic_content collapsible_orange\">\nLas densi\u00addades de potencia resultan de la potencia m\u00e1xima, el peso de la celda y el volumen de la&nbsp;celda.&nbsp;<\/div>\n<\/td>\n<td style=\"text-align:right\">\n<span style=\"font-size: 10px\">gravi\u00adm\u00e9\u00adtrica<\/span>&nbsp;1,47 kW\/kg<br>\n<span style=\"font-size: 10px\">volum\u00e9\u00adtrica<\/span>&nbsp;4,08 kW\/l<\/td>\n<\/tr>\n<\/tbody>\n<\/table>\n","protected":false},"excerpt":{"rendered":"<p>Obtenga todo lo que necesita para la c\u00e9lula de bater\u00eda de ion de litio BAK Battery N21700CGP: Amplios datos de medici\u00f3n en toda el \u00e1rea opera\u00adtiva, un modelo f\u00edsico de bater\u00eda de alta preci\u00adsi\u00f3n con validez global y un informe de desmon\u00adtaje que contiene todos los detalles sobre materiales y microestructuras.<\/p>\n","protected":false},"featured_media":128696,"template":"","meta":{"_acf_changed":false,"wp_typography_post_enhancements_disabled":false,"ocean_post_layout":"","ocean_both_sidebars_style":"","ocean_both_sidebars_content_width":0,"ocean_both_sidebars_sidebars_width":0,"ocean_sidebar":"0","ocean_second_sidebar":"0","ocean_disable_margins":"enable","ocean_add_body_class":"","ocean_shortcode_before_top_bar":"","ocean_shortcode_after_top_bar":"","ocean_shortcode_before_header":"","ocean_shortcode_after_header":"","ocean_has_shortcode":"","ocean_shortcode_after_title":"","ocean_shortcode_before_footer_widgets":"","ocean_shortcode_after_footer_widgets":"","ocean_shortcode_before_footer_bottom":"","ocean_shortcode_after_footer_bottom":"","ocean_display_top_bar":"default","ocean_display_header":"default","ocean_header_style":"","ocean_center_header_left_menu":"0","ocean_custom_header_template":"0","ocean_custom_logo":0,"ocean_custom_retina_logo":0,"ocean_custom_logo_max_width":0,"ocean_custom_logo_tablet_max_width":0,"ocean_custom_logo_mobile_max_width":0,"ocean_custom_logo_max_height":0,"ocean_custom_logo_tablet_max_height":0,"ocean_custom_logo_mobile_max_height":0,"ocean_header_custom_menu":"0","ocean_menu_typo_font_family":"0","ocean_menu_typo_font_subset":"","ocean_menu_typo_font_size":0,"ocean_menu_typo_font_size_tablet":0,"ocean_menu_typo_font_size_mobile":0,"ocean_menu_typo_font_size_unit":"px","ocean_menu_typo_font_weight":"","ocean_menu_typo_font_weight_tablet":"","ocean_menu_typo_font_weight_mobile":"","ocean_menu_typo_transform":"","ocean_menu_typo_transform_tablet":"","ocean_menu_typo_transform_mobile":"","ocean_menu_typo_line_height":0,"ocean_menu_typo_line_height_tablet":0,"ocean_menu_typo_line_height_mobile":0,"ocean_menu_typo_line_height_unit":"","ocean_menu_typo_spacing":0,"ocean_menu_typo_spacing_tablet":0,"ocean_menu_typo_spacing_mobile":0,"ocean_menu_typo_spacing_unit":"","ocean_menu_link_color":"","ocean_menu_link_color_hover":"","ocean_menu_link_color_active":"","ocean_menu_link_background":"","ocean_menu_link_hover_background":"","ocean_menu_link_active_background":"","ocean_menu_social_links_bg":"","ocean_menu_social_hover_links_bg":"","ocean_menu_social_links_color":"","ocean_menu_social_hover_links_color":"","ocean_disable_title":"default","ocean_disable_heading":"default","ocean_post_title":"","ocean_post_subheading":"","ocean_post_title_style":"","ocean_post_title_background_color":"","ocean_post_title_background":0,"ocean_post_title_bg_image_position":"","ocean_post_title_bg_image_attachment":"","ocean_post_title_bg_image_repeat":"","ocean_post_title_bg_image_size":"","ocean_post_title_height":0,"ocean_post_title_bg_overlay":0.5,"ocean_post_title_bg_overlay_color":"","ocean_disable_breadcrumbs":"default","ocean_breadcrumbs_color":"","ocean_breadcrumbs_separator_color":"","ocean_breadcrumbs_links_color":"","ocean_breadcrumbs_links_hover_color":"","ocean_display_footer_widgets":"default","ocean_display_footer_bottom":"default","ocean_custom_footer_template":"0","_links_to":"","_links_to_target":""},"product_brand":[],"product_cat":[3186],"product_tag":[16696,27651,3093,3092,3094,16720,16685,16714,16680],"class_list":{"0":"post-46822","1":"product","2":"type-product","3":"status-publish","4":"has-post-thumbnail","6":"product_cat-21700-es","7":"product_tag-aviation-es","8":"product_tag-bak-battery-cell-es","9":"product_tag-batemo-cell-data-es","10":"product_tag-batemo-cell-model-es","11":"product_tag-batemo-cell-report-es","12":"product_tag-consumer-es","13":"product_tag-light-mobility-es","14":"product_tag-motorsports-es","15":"product_tag-power-tools-es","16":"pa_capacity-4-ah","17":"pa_continuous_current-1874-a","18":"pa_continuous_power-636-w","19":"pa_dimensions-211-x-702-mm","20":"pa_energy-146-wh","21":"pa_format-21700-es","22":"pa_gravimetric_capacity_density-582-ah-kg","23":"pa_gravimetric_current_density-4327-a-kg","24":"pa_gravimetric_energy_density-2134-wh-kg","25":"pa_gravimetric_power_density-1470-w-kg","26":"pa_manufacturer-bak-battery-es","27":"pa_nominal_capacity-4-ah","28":"pa_peak_current-2951-a","29":"pa_peak_power-1002-w","30":"pa_temperature_range-20-75-c","31":"pa_voltage_range-25-42-v","32":"pa_volumetric_capacity_density-1617-ah-l","33":"pa_volumetric_current_density-12021-a-l","34":"pa_volumetric_energy_density-593-wh-l","35":"pa_volumetric_power_density-4083-w-l","36":"pa_weight-00682-kg","37":"entry","38":"has-media","40":"first","41":"instock","42":"taxable","43":"shipping-taxable","44":"product-type-simple"},"acf":[],"yoast_head":"<!-- This site is optimized with the Yoast SEO Premium plugin v26.9 (Yoast SEO v26.9) - https:\/\/yoast.com\/product\/yoast-seo-premium-wordpress\/ -->\n<title>BAK Battery N21700CGP Datos, modelo e informe de la bater\u00eda<\/title>\n<meta name=\"description\" content=\"Obtenga datos de medici\u00f3n, un modelo de alta precisi\u00f3n y un informe detallado de la c\u00e9lula de la bater\u00eda de ion de litio BAK Battery N21700CGP.\" \/>\n<meta name=\"robots\" content=\"index, follow, max-snippet:-1, max-image-preview:large, max-video-preview:-1\" \/>\n<link rel=\"canonical\" href=\"https:\/\/www.batemo.com\/es\/products\/batemo-cell-explorer\/bak-battery-n21700cgp\/\" \/>\n<meta property=\"og:locale\" content=\"es_ES\" \/>\n<meta property=\"og:type\" content=\"article\" \/>\n<meta property=\"og:title\" content=\"N21700CGP\" \/>\n<meta property=\"og:description\" content=\"Obtenga datos de medici\u00f3n, un modelo de alta precisi\u00f3n y un informe detallado de la c\u00e9lula de la bater\u00eda de ion de litio BAK Battery N21700CGP.\" \/>\n<meta property=\"og:url\" content=\"https:\/\/www.batemo.com\/es\/products\/batemo-cell-explorer\/bak-battery-n21700cgp\/\" \/>\n<meta property=\"og:site_name\" content=\"Batemo GmbH\" \/>\n<meta property=\"article:modified_time\" content=\"2025-09-18T10:00:12+00:00\" \/>\n<meta property=\"og:image\" content=\"https:\/\/www.batemo.com\/wp-content\/uploads\/BAKBattery_N21700CGP_virtual.png\" \/>\n\t<meta property=\"og:image:width\" content=\"1000\" \/>\n\t<meta property=\"og:image:height\" content=\"1000\" \/>\n\t<meta property=\"og:image:type\" content=\"image\/png\" \/>\n<meta name=\"twitter:card\" content=\"summary_large_image\" \/>\n<meta name=\"twitter:label1\" content=\"Tiempo de lectura\" \/>\n\t<meta name=\"twitter:data1\" content=\"4 minutos\" \/>\n<script type=\"application\/ld+json\" class=\"yoast-schema-graph\">{\"@context\":\"https:\/\/schema.org\",\"@graph\":[{\"@type\":[\"WebPage\",\"ItemPage\"],\"@id\":\"https:\/\/www.batemo.com\/es\/products\/batemo-cell-explorer\/bak-battery-n21700cgp\/\",\"url\":\"https:\/\/www.batemo.com\/es\/products\/batemo-cell-explorer\/bak-battery-n21700cgp\/\",\"name\":\"BAK Battery N21700CGP Datos, modelo e informe de la bater\u00eda\",\"isPartOf\":{\"@id\":\"https:\/\/batemo.com\/#website\"},\"primaryImageOfPage\":{\"@id\":\"https:\/\/www.batemo.com\/es\/products\/batemo-cell-explorer\/bak-battery-n21700cgp\/#primaryimage\"},\"image\":{\"@id\":\"https:\/\/www.batemo.com\/es\/products\/batemo-cell-explorer\/bak-battery-n21700cgp\/#primaryimage\"},\"thumbnailUrl\":\"https:\/\/www.batemo.com\/wp-content\/uploads\/BAKBattery_N21700CGP_virtual.png\",\"datePublished\":\"2023-06-02T12:30:22+00:00\",\"dateModified\":\"2025-09-18T10:00:12+00:00\",\"description\":\"Obtenga datos de medici\u00f3n, un modelo de alta precisi\u00f3n y un informe detallado de la c\u00e9lula de la bater\u00eda de ion de litio BAK Battery N21700CGP.\",\"breadcrumb\":{\"@id\":\"https:\/\/www.batemo.com\/es\/products\/batemo-cell-explorer\/bak-battery-n21700cgp\/#breadcrumb\"},\"inLanguage\":\"es\",\"potentialAction\":[{\"@type\":\"ReadAction\",\"target\":[\"https:\/\/www.batemo.com\/es\/products\/batemo-cell-explorer\/bak-battery-n21700cgp\/\"]}]},{\"@type\":\"ImageObject\",\"inLanguage\":\"es\",\"@id\":\"https:\/\/www.batemo.com\/es\/products\/batemo-cell-explorer\/bak-battery-n21700cgp\/#primaryimage\",\"url\":\"https:\/\/www.batemo.com\/wp-content\/uploads\/BAKBattery_N21700CGP_virtual.png\",\"contentUrl\":\"https:\/\/www.batemo.com\/wp-content\/uploads\/BAKBattery_N21700CGP_virtual.png\",\"width\":1000,\"height\":1000},{\"@type\":\"BreadcrumbList\",\"@id\":\"https:\/\/www.batemo.com\/es\/products\/batemo-cell-explorer\/bak-battery-n21700cgp\/#breadcrumb\",\"itemListElement\":[{\"@type\":\"ListItem\",\"position\":1,\"name\":\"Batemo\",\"item\":\"https:\/\/www.batemo.com\/es\/\"},{\"@type\":\"ListItem\",\"position\":2,\"name\":\"Batemo Cell Explorer\",\"item\":\"https:\/\/www.batemo.com\/es\/products\/batemo-cell-explorer\/\"},{\"@type\":\"ListItem\",\"position\":3,\"name\":\"N21700CGP\"}]},{\"@type\":\"WebSite\",\"@id\":\"https:\/\/batemo.com\/#website\",\"url\":\"https:\/\/batemo.com\/\",\"name\":\"Batemo GmbH\",\"description\":\"Understanding Batteries\",\"publisher\":{\"@id\":\"https:\/\/batemo.com\/#organization\"},\"potentialAction\":[{\"@type\":\"SearchAction\",\"target\":{\"@type\":\"EntryPoint\",\"urlTemplate\":\"https:\/\/batemo.com\/?s={search_term_string}\"},\"query-input\":{\"@type\":\"PropertyValueSpecification\",\"valueRequired\":true,\"valueName\":\"search_term_string\"}}],\"inLanguage\":\"es\"},{\"@type\":\"Organization\",\"@id\":\"https:\/\/batemo.com\/#organization\",\"name\":\"Batemo GmbH\",\"url\":\"https:\/\/batemo.com\/\",\"logo\":{\"@type\":\"ImageObject\",\"inLanguage\":\"es\",\"@id\":\"https:\/\/batemo.com\/#\/schema\/logo\/image\/\",\"url\":\"https:\/\/batemo.com\/wp-content\/uploads\/Batemo-Logo.png\",\"contentUrl\":\"https:\/\/batemo.com\/wp-content\/uploads\/Batemo-Logo.png\",\"width\":499,\"height\":127,\"caption\":\"Batemo GmbH\"},\"image\":{\"@id\":\"https:\/\/batemo.com\/#\/schema\/logo\/image\/\"},\"sameAs\":[\"https:\/\/www.linkedin.com\/company\/batemo\/\"]}]}<\/script>\n<!-- \/ Yoast SEO Premium plugin. -->","yoast_head_json":{"title":"BAK Battery N21700CGP Datos, modelo e informe de la bater\u00eda","description":"Obtenga datos de medici\u00f3n, un modelo de alta precisi\u00f3n y un informe detallado de la c\u00e9lula de la bater\u00eda de ion de litio BAK Battery N21700CGP.","robots":{"index":"index","follow":"follow","max-snippet":"max-snippet:-1","max-image-preview":"max-image-preview:large","max-video-preview":"max-video-preview:-1"},"canonical":"https:\/\/www.batemo.com\/es\/products\/batemo-cell-explorer\/bak-battery-n21700cgp\/","og_locale":"es_ES","og_type":"article","og_title":"N21700CGP","og_description":"Obtenga datos de medici\u00f3n, un modelo de alta precisi\u00f3n y un informe detallado de la c\u00e9lula de la bater\u00eda de ion de litio BAK Battery N21700CGP.","og_url":"https:\/\/www.batemo.com\/es\/products\/batemo-cell-explorer\/bak-battery-n21700cgp\/","og_site_name":"Batemo GmbH","article_modified_time":"2025-09-18T10:00:12+00:00","og_image":[{"width":1000,"height":1000,"url":"https:\/\/www.batemo.com\/wp-content\/uploads\/BAKBattery_N21700CGP_virtual.png","type":"image\/png"}],"twitter_card":"summary_large_image","twitter_misc":{"Tiempo de lectura":"4 minutos"},"schema":{"@context":"https:\/\/schema.org","@graph":[{"@type":["WebPage","ItemPage"],"@id":"https:\/\/www.batemo.com\/es\/products\/batemo-cell-explorer\/bak-battery-n21700cgp\/","url":"https:\/\/www.batemo.com\/es\/products\/batemo-cell-explorer\/bak-battery-n21700cgp\/","name":"BAK Battery N21700CGP Datos, modelo e informe de la bater\u00eda","isPartOf":{"@id":"https:\/\/batemo.com\/#website"},"primaryImageOfPage":{"@id":"https:\/\/www.batemo.com\/es\/products\/batemo-cell-explorer\/bak-battery-n21700cgp\/#primaryimage"},"image":{"@id":"https:\/\/www.batemo.com\/es\/products\/batemo-cell-explorer\/bak-battery-n21700cgp\/#primaryimage"},"thumbnailUrl":"https:\/\/www.batemo.com\/wp-content\/uploads\/BAKBattery_N21700CGP_virtual.png","datePublished":"2023-06-02T12:30:22+00:00","dateModified":"2025-09-18T10:00:12+00:00","description":"Obtenga datos de medici\u00f3n, un modelo de alta precisi\u00f3n y un informe detallado de la c\u00e9lula de la bater\u00eda de ion de litio BAK Battery N21700CGP.","breadcrumb":{"@id":"https:\/\/www.batemo.com\/es\/products\/batemo-cell-explorer\/bak-battery-n21700cgp\/#breadcrumb"},"inLanguage":"es","potentialAction":[{"@type":"ReadAction","target":["https:\/\/www.batemo.com\/es\/products\/batemo-cell-explorer\/bak-battery-n21700cgp\/"]}]},{"@type":"ImageObject","inLanguage":"es","@id":"https:\/\/www.batemo.com\/es\/products\/batemo-cell-explorer\/bak-battery-n21700cgp\/#primaryimage","url":"https:\/\/www.batemo.com\/wp-content\/uploads\/BAKBattery_N21700CGP_virtual.png","contentUrl":"https:\/\/www.batemo.com\/wp-content\/uploads\/BAKBattery_N21700CGP_virtual.png","width":1000,"height":1000},{"@type":"BreadcrumbList","@id":"https:\/\/www.batemo.com\/es\/products\/batemo-cell-explorer\/bak-battery-n21700cgp\/#breadcrumb","itemListElement":[{"@type":"ListItem","position":1,"name":"Batemo","item":"https:\/\/www.batemo.com\/es\/"},{"@type":"ListItem","position":2,"name":"Batemo Cell Explorer","item":"https:\/\/www.batemo.com\/es\/products\/batemo-cell-explorer\/"},{"@type":"ListItem","position":3,"name":"N21700CGP"}]},{"@type":"WebSite","@id":"https:\/\/batemo.com\/#website","url":"https:\/\/batemo.com\/","name":"Batemo GmbH","description":"Understanding Batteries","publisher":{"@id":"https:\/\/batemo.com\/#organization"},"potentialAction":[{"@type":"SearchAction","target":{"@type":"EntryPoint","urlTemplate":"https:\/\/batemo.com\/?s={search_term_string}"},"query-input":{"@type":"PropertyValueSpecification","valueRequired":true,"valueName":"search_term_string"}}],"inLanguage":"es"},{"@type":"Organization","@id":"https:\/\/batemo.com\/#organization","name":"Batemo GmbH","url":"https:\/\/batemo.com\/","logo":{"@type":"ImageObject","inLanguage":"es","@id":"https:\/\/batemo.com\/#\/schema\/logo\/image\/","url":"https:\/\/batemo.com\/wp-content\/uploads\/Batemo-Logo.png","contentUrl":"https:\/\/batemo.com\/wp-content\/uploads\/Batemo-Logo.png","width":499,"height":127,"caption":"Batemo GmbH"},"image":{"@id":"https:\/\/batemo.com\/#\/schema\/logo\/image\/"},"sameAs":["https:\/\/www.linkedin.com\/company\/batemo\/"]}]}},"_links":{"self":[{"href":"https:\/\/www.batemo.com\/es\/wp-json\/wp\/v2\/product\/46822","targetHints":{"allow":["GET"]}}],"collection":[{"href":"https:\/\/www.batemo.com\/es\/wp-json\/wp\/v2\/product"}],"about":[{"href":"https:\/\/www.batemo.com\/es\/wp-json\/wp\/v2\/types\/product"}],"version-history":[{"count":0,"href":"https:\/\/www.batemo.com\/es\/wp-json\/wp\/v2\/product\/46822\/revisions"}],"wp:featuredmedia":[{"embeddable":true,"href":"https:\/\/www.batemo.com\/es\/wp-json\/wp\/v2\/media\/128696"}],"wp:attachment":[{"href":"https:\/\/www.batemo.com\/es\/wp-json\/wp\/v2\/media?parent=46822"}],"wp:term":[{"taxonomy":"product_brand","embeddable":true,"href":"https:\/\/www.batemo.com\/es\/wp-json\/wp\/v2\/product_brand?post=46822"},{"taxonomy":"product_cat","embeddable":true,"href":"https:\/\/www.batemo.com\/es\/wp-json\/wp\/v2\/product_cat?post=46822"},{"taxonomy":"product_tag","embeddable":true,"href":"https:\/\/www.batemo.com\/es\/wp-json\/wp\/v2\/product_tag?post=46822"}],"curies":[{"name":"wp","href":"https:\/\/api.w.org\/{rel}","templated":true}]}}