{"id":134860,"date":"2026-02-23T11:26:42","date_gmt":"2026-02-23T10:26:42","guid":{"rendered":"https:\/\/www.batemo.com\/products\/batemo-cell-explorer\/v4smart-v21700hp-5xa1\/"},"modified":"2026-02-23T11:27:57","modified_gmt":"2026-02-23T10:27:57","slug":"v4smart-v21700hp-5xa1","status":"publish","type":"product","link":"https:\/\/www.batemo.com\/fr\/products\/batemo-cell-explorer\/v4smart-v21700hp-5xa1\/","title":{"rendered":"V21700HP-5X(A1)"},"content":{"rendered":"<table style=\"color:white\" border=\"5\" cellspacing=\"0\" cellpadding=\"2\">\n<colgroup>\n<col width=\"50%\">\n<col width=\"50%\"> <\/colgroup>\n<tbody>\n<tr>\n<td>Origine de la cellule<\/td>\n<td style=\"text-align:right\">Sourc\u00e9 par Batemo<\/td>\n<\/tr>\n<tr>\n<td>Format de la cellule<\/td>\n<td style=\"text-align:right\">21700<\/td>\n<\/tr>\n<tr>\n<td>Dimen\u00adsions<\/td>\n<td style=\"text-align:right\">21 x 69,8&nbsp;mm<\/td>\n<\/tr>\n<tr>\n<td>Poids<\/td>\n<td style=\"text-align:right\">69 g<\/td>\n<\/tr>\n<tr>\n<td>Capacit\u00e9<br>\n<span class=\"collapseomatic noarrow\" id=\"id699c2b9f47510\" title=\"d\u00e9finition\">d\u00e9fini\u00adtion<\/span><span id=\"swap-id699c2b9f47510\" class=\"colomat-swap\">fermer<\/span>\n<div id=\"target-id699c2b9f47510\" class=\"collapseomatic_content collapsible_orange\">\nLa capacit\u00e9 nominale provient de la fiche technique du fabri\u00adcant, si dispo\u00adnible. Lorsque la fiche technique n\u2019est pas dispo\u00adnible, la capacit\u00e9 nominale est estim\u00e9e. Batemo a mesur\u00e9 la capacit\u00e9 C\/10 en d\u00e9char\u00adgeant la cellule \u00e0 une temp\u00e9\u00adra\u00adture ambiante de 25\u00b0C de 100% avec un courant constant de 0,58A (0.1C) jusqu\u2019\u00e0 atteindre la tension de 2,5V. La condi\u00adtion limite thermique est la convec\u00adtion&nbsp;libre.&nbsp;<\/div>\n<\/td>\n<td style=\"text-align:right\">\n<span style=\"font-size: 10px\">nominale<\/span>&nbsp;5,8 Ah<br>\n<span style=\"font-size: 10px\">C\/10<\/span>&nbsp;5,92 Ah<\/td>\n<\/tr>\n<tr>\n<td>Courant<br>\n<span class=\"collapseomatic noarrow\" id=\"id699c2b9f475b6\" title=\"d\u00e9finition\">d\u00e9fini\u00adtion<\/span><span id=\"swap-id699c2b9f475b6\" class=\"colomat-swap\">fermer<\/span>\n<div id=\"target-id699c2b9f475b6\" class=\"collapseomatic_content collapsible_orange\">\nToutes les quantit\u00e9s sont des r\u00e9sul\u00adtats de mesures du labora\u00adtoire de batte\u00adries de Batemo.<br> Le courant continu est le courant le plus \u00e9lev\u00e9 qui d\u00e9charge compl\u00e8\u00adte\u00adment la cellule sans la surchauffer. Par cons\u00e9\u00adquent, la cellule est d\u00e9charg\u00e9e de 100% de l\u2019\u00e9tat de charge (SOC) \u00e0&nbsp;une temp\u00e9\u00adra\u00adture ambiante de 25\u00b0C avec un courant constant jusqu\u2019\u00e0&nbsp;un \u00e9tat de charge r\u00e9siduel de 10% et soit la limite de tension inf\u00e9rieure de 2,5V soit 90% de la temp\u00e9\u00adra\u00adture de surface maximale (72\u00b0C) est atteinte.<br> Le courant de pointe est le courant que la cellule peut fournir pendant 5 minutes. La cellule est donc d\u00e9charg\u00e9e de 100% SOC \u00e0 une temp\u00e9\u00adra\u00adture ambiante de 25\u00b0C avec un courant constant jusqu\u2019\u00e0&nbsp;ce qu\u2019elle atteigne soit la limite de tension inf\u00e9rieure de 2,5V soit la temp\u00e9\u00adra\u00adture de surface maximale de 80\u00b0C apr\u00e8s 5 minutes. Pour les cellules qui atteignent la temp\u00e9\u00adra\u00adture de surface maximale, le courant mesur\u00e9 est direc\u00adte\u00adment pris comme courant de pointe. Pour les cellules qui n\u2019atteignent pas la temp\u00e9\u00adra\u00adture de surface maximale apr\u00e8s 5 minutes parce qu\u2019elles atteignent d\u2019abord la limite de tension inf\u00e9rieure, le courant mesur\u00e9 est multi\u00adpli\u00e9 par un facteur de correc\u00adtion qui estime le courant qui aurait chauff\u00e9 la cellule \u00e0&nbsp;la temp\u00e9\u00adra\u00adture de surface maximale en 5 minutes.<br> La condi\u00adtion limite thermique est la convec\u00adtion libre. Ces conditions de fonction\u00adne\u00adment peuvent \u00eatre en dehors des sp\u00e9ci\u00adfi\u00adca\u00adtions du fabri\u00adcant de cellules.&nbsp;<\/div>\n<\/td>\n<td style=\"text-align:right\">\n<span style=\"font-size: 10px\">continu<\/span>&nbsp;33,7 A<br>\n<span style=\"font-size: 10px\">pic<\/span>&nbsp;51,8 A<\/td>\n<\/tr>\n<tr>\n<td>\u00c9nergie<br>\n<span class=\"collapseomatic noarrow\" id=\"id699c2b9f47615\" title=\"d\u00e9finition\">d\u00e9fini\u00adtion<\/span><span id=\"swap-id699c2b9f47615\" class=\"colomat-swap\">fermer<\/span>\n<div id=\"target-id699c2b9f47615\" class=\"collapseomatic_content collapsible_orange\">\nBatemo a mesur\u00e9 l\u2019\u00e9nergie C\/10 en d\u00e9char\u00adgeant la cellule \u00e0&nbsp;une temp\u00e9\u00adra\u00adture ambiante de 25\u00b0C de 100% avec un courant constant de 0,58A (0.1C) jusqu\u2019\u00e0&nbsp;atteindre la tension de 2,5V. La condi\u00adtion limite thermique est la convec\u00adtion&nbsp;libre.&nbsp;<\/div>\n<\/td>\n<td style=\"text-align:right\">\n<span style=\"font-size: 10px\">C\/10<\/span>&nbsp;20,6 Wh<\/td>\n<\/tr>\n<tr>\n<td>Puissance<br>\n<span class=\"collapseomatic noarrow\" id=\"id699c2b9f47665\" title=\"d\u00e9finition\">d\u00e9fini\u00adtion<\/span><span id=\"swap-id699c2b9f47665\" class=\"colomat-swap\">fermer<\/span>\n<div id=\"target-id699c2b9f47665\" class=\"collapseomatic_content collapsible_orange\">\nToutes les quantit\u00e9s sont des r\u00e9sul\u00adtats de mesures du labora\u00adtoire de batte\u00adries de Batemo.<br> La puissance continue est la plus grande puissance qui d\u00e9charge compl\u00e8\u00adte\u00adment la cellule sans la surchauffer. Par cons\u00e9\u00adquent, la cellule est d\u00e9charg\u00e9e de 100% de l\u2019\u00e9tat de charge (SOC) \u00e0&nbsp;une temp\u00e9\u00adra\u00adture ambiante de 25\u00b0C avec un courant constant jusqu\u2019\u00e0&nbsp;un \u00e9tat de charge r\u00e9siduel de 10% et soit la limite de tension inf\u00e9rieure de 2,5V soit 90% de la temp\u00e9\u00adra\u00adture de surface maximale ( 72\u00b0C) est atteinte.<br> La puissance de pointe est la puissance que la cellule peut fournir pendant 5 minutes. La cellule est donc d\u00e9charg\u00e9e de 100% SOC \u00e0 une temp\u00e9\u00adra\u00adture ambiante de 25\u00b0C avec un courant constant jusqu\u2019\u00e0&nbsp;ce qu\u2019elle atteigne soit la limite de tension inf\u00e9rieure de 2,5V soit la temp\u00e9\u00adra\u00adture de surface maximale de 80\u00b0C apr\u00e8s 5 minutes. Pour les cellules qui atteignent la limite de temp\u00e9\u00adra\u00adture maximale, la puissance mesur\u00e9e est direc\u00adte\u00adment prise comme puissance de pointe. Pour les cellules qui n\u2019atteignent pas la temp\u00e9\u00adra\u00adture de surface maximale apr\u00e8s 5 minutes parce qu\u2019elles atteignent d\u2019abord la limite de tension inf\u00e9rieure, la puissance mesur\u00e9e est multi\u00adpli\u00e9e par un facteur de correc\u00adtion qui estime la puissance qui aurait chauff\u00e9 la cellule \u00e0 la temp\u00e9\u00adra\u00adture de surface maximale en 5 minutes.<br> La condi\u00adtion limite thermique est la convec\u00adtion libre. Ces conditions de fonction\u00adne\u00adment peuvent \u00eatre en dehors des sp\u00e9ci\u00adfi\u00adca\u00adtions du fabri\u00adcant de cellules.&nbsp;<\/div>\n<\/td>\n<td style=\"text-align:right\">\n<span style=\"font-size: 10px\">continue<\/span>&nbsp;113 W<br>\n<span style=\"font-size: 10px\">pic<\/span>&nbsp;181 W<\/td>\n<\/tr>\n<tr>\n<td>Densit\u00e9 \u00e9nerg\u00e9\u00adtique<br>\n<span class=\"collapseomatic noarrow\" id=\"id699c2b9f476b1\" title=\"d\u00e9finition\">d\u00e9fini\u00adtion<\/span><span id=\"swap-id699c2b9f476b1\" class=\"colomat-swap\">fermer<\/span>\n<div id=\"target-id699c2b9f476b1\" class=\"collapseomatic_content collapsible_orange\">\nLes densit\u00e9s d\u2019\u00e9nergie r\u00e9sultent de l\u2019\u00e9nergie C\/10, du poids de la cellule et du volume de la cellule.&nbsp;<\/div>\n<\/td>\n<td style=\"text-align:right\">\n<span style=\"font-size: 10px\">gravi\u00adm\u00e9\u00adtrique<\/span>&nbsp;299 Wh\/kg<br>\n<span style=\"font-size: 10px\">volum\u00e9\u00adtrique<\/span>&nbsp;852 Wh\/l<\/td>\n<\/tr>\n<tr>\n<td>Densit\u00e9 de puissance<br>\n<span class=\"collapseomatic noarrow\" id=\"id699c2b9f476fb\" title=\"d\u00e9finition\">d\u00e9fini\u00adtion<\/span><span id=\"swap-id699c2b9f476fb\" class=\"colomat-swap\">fermer<\/span>\n<div id=\"target-id699c2b9f476fb\" class=\"collapseomatic_content collapsible_orange\">\nLes densit\u00e9s de puissance r\u00e9sultent de la puissance de pointe, du poids de la cellule et du volume de la cellule.&nbsp;<\/div>\n<\/td>\n<td style=\"text-align:right\">\n<span style=\"font-size: 10px\">gravi\u00adm\u00e9\u00adtrique<\/span>&nbsp;2,63 kW\/kg<br>\n<span style=\"font-size: 10px\">volum\u00e9\u00adtrique<\/span>&nbsp;7,49 kW\/l<\/td>\n<\/tr>\n<\/tbody>\n<\/table>\n","protected":false},"excerpt":{"rendered":"<p>Obtenez tout ce dont vous avez besoin pour la cellule de batterie lithium-ion V4Smart V21700HP-5X(A1): des donn\u00e9es de mesure \u00e9tendues dans la zone op\u00e9ra\u00adtion\u00adnelle totale, ainsi qu\u2019un mod\u00e8le physique de batterie de haute pr\u00e9ci\u00adsion avec une validit\u00e9 globale.<\/p>\n","protected":false},"featured_media":134882,"template":"","meta":{"_acf_changed":false,"wp_typography_post_enhancements_disabled":false,"ocean_post_layout":"","ocean_both_sidebars_style":"","ocean_both_sidebars_content_width":0,"ocean_both_sidebars_sidebars_width":0,"ocean_sidebar":"0","ocean_second_sidebar":"0","ocean_disable_margins":"enable","ocean_add_body_class":"","ocean_shortcode_before_top_bar":"","ocean_shortcode_after_top_bar":"","ocean_shortcode_before_header":"","ocean_shortcode_after_header":"","ocean_has_shortcode":"","ocean_shortcode_after_title":"","ocean_shortcode_before_footer_widgets":"","ocean_shortcode_after_footer_widgets":"","ocean_shortcode_before_footer_bottom":"","ocean_shortcode_after_footer_bottom":"","ocean_display_top_bar":"default","ocean_display_header":"default","ocean_header_style":"","ocean_center_header_left_menu":"0","ocean_custom_header_template":"0","ocean_custom_logo":0,"ocean_custom_retina_logo":0,"ocean_custom_logo_max_width":0,"ocean_custom_logo_tablet_max_width":0,"ocean_custom_logo_mobile_max_width":0,"ocean_custom_logo_max_height":0,"ocean_custom_logo_tablet_max_height":0,"ocean_custom_logo_mobile_max_height":0,"ocean_header_custom_menu":"0","ocean_menu_typo_font_family":"0","ocean_menu_typo_font_subset":"","ocean_menu_typo_font_size":0,"ocean_menu_typo_font_size_tablet":0,"ocean_menu_typo_font_size_mobile":0,"ocean_menu_typo_font_size_unit":"px","ocean_menu_typo_font_weight":"","ocean_menu_typo_font_weight_tablet":"","ocean_menu_typo_font_weight_mobile":"","ocean_menu_typo_transform":"","ocean_menu_typo_transform_tablet":"","ocean_menu_typo_transform_mobile":"","ocean_menu_typo_line_height":0,"ocean_menu_typo_line_height_tablet":0,"ocean_menu_typo_line_height_mobile":0,"ocean_menu_typo_line_height_unit":"","ocean_menu_typo_spacing":0,"ocean_menu_typo_spacing_tablet":0,"ocean_menu_typo_spacing_mobile":0,"ocean_menu_typo_spacing_unit":"","ocean_menu_link_color":"","ocean_menu_link_color_hover":"","ocean_menu_link_color_active":"","ocean_menu_link_background":"","ocean_menu_link_hover_background":"","ocean_menu_link_active_background":"","ocean_menu_social_links_bg":"","ocean_menu_social_hover_links_bg":"","ocean_menu_social_links_color":"","ocean_menu_social_hover_links_color":"","ocean_disable_title":"default","ocean_disable_heading":"default","ocean_post_title":"","ocean_post_subheading":"","ocean_post_title_style":"","ocean_post_title_background_color":"","ocean_post_title_background":0,"ocean_post_title_bg_image_position":"","ocean_post_title_bg_image_attachment":"","ocean_post_title_bg_image_repeat":"","ocean_post_title_bg_image_size":"","ocean_post_title_height":0,"ocean_post_title_bg_overlay":0.5,"ocean_post_title_bg_overlay_color":"","ocean_disable_breadcrumbs":"default","ocean_breadcrumbs_color":"","ocean_breadcrumbs_separator_color":"","ocean_breadcrumbs_links_color":"","ocean_breadcrumbs_links_hover_color":"","ocean_display_footer_widgets":"default","ocean_display_footer_bottom":"default","ocean_custom_footer_template":"0","_links_to":"","_links_to_target":""},"product_brand":[],"product_cat":[2760],"product_tag":[16697,2401,16686,16715,12181,16681,12135],"class_list":{"0":"post-134860","1":"product","2":"type-product","3":"status-publish","4":"has-post-thumbnail","6":"product_cat-21700-fr","7":"product_tag-aviation-fr","8":"product_tag-batemo-cell-data-fr","9":"product_tag-light-mobility-fr","10":"product_tag-motorsports-fr","11":"product_tag-no-report-fr","12":"product_tag-power-tools-fr","13":"product_tag-varta-cell-fr","14":"pa_capacity-59-ah","15":"pa_continuous_current-3366-a","16":"pa_continuous_power-1133-w","17":"pa_dimensions-21-x-698-mm","18":"pa_energy-206-wh","19":"pa_format-21700-fr","20":"pa_gravimetric_capacity_density-858-ah-kg","21":"pa_gravimetric_current_density-7502-a-kg","22":"pa_gravimetric_energy_density-2987-wh-kg","23":"pa_gravimetric_power_density-2627-w-kg","24":"pa_manufacturer-v4smart","25":"pa_nominal_capacity-58-ah-2","26":"pa_peak_current-5176-a","27":"pa_peak_power-1813-w","28":"pa_temperature_range-20-80-c","29":"pa_voltage_range-25-42-v","30":"pa_volumetric_capacity_density-2448-ah-l","31":"pa_volumetric_current_density-2140-a-l","32":"pa_volumetric_energy_density-852-wh-l","33":"pa_volumetric_power_density-7495-w-l","34":"pa_weight-0069-kg","35":"entry","36":"has-media","38":"first","39":"instock","40":"taxable","41":"shipping-taxable","42":"product-type-simple"},"acf":[],"yoast_head":"<!-- This site is optimized with the Yoast SEO Premium plugin v26.9 (Yoast SEO v26.9) - https:\/\/yoast.com\/product\/yoast-seo-premium-wordpress\/ -->\n<title>V4Smart V21700HP-5X(A1) Donn\u00e9es, Mod\u00e8le et Rapport<\/title>\n<meta name=\"description\" content=\"Obtenir des donn\u00e9es de mesure, un mod\u00e8le de haute pr\u00e9cision et un rapport d\u00e9taill\u00e9 de la cellule de la batterie lithium-ion V4Smart V21700HP-5X(A1).\" \/>\n<meta name=\"robots\" content=\"index, follow, max-snippet:-1, max-image-preview:large, max-video-preview:-1\" \/>\n<link rel=\"canonical\" href=\"https:\/\/www.batemo.com\/fr\/products\/batemo-cell-explorer\/v4smart-v21700hp-5xa1\/\" \/>\n<meta property=\"og:locale\" content=\"fr_FR\" \/>\n<meta property=\"og:type\" content=\"article\" \/>\n<meta property=\"og:title\" content=\"V21700HP-5X(A1)\" \/>\n<meta property=\"og:description\" content=\"Obtenir des donn\u00e9es de mesure, un mod\u00e8le de haute pr\u00e9cision et un rapport d\u00e9taill\u00e9 de la cellule de la batterie lithium-ion V4Smart V21700HP-5X(A1).\" \/>\n<meta property=\"og:url\" content=\"https:\/\/www.batemo.com\/fr\/products\/batemo-cell-explorer\/v4smart-v21700hp-5xa1\/\" \/>\n<meta property=\"og:site_name\" content=\"Batemo GmbH\" \/>\n<meta property=\"article:modified_time\" content=\"2026-02-23T10:27:57+00:00\" \/>\n<meta property=\"og:image\" content=\"https:\/\/www.batemo.com\/wp-content\/uploads\/V4Smart_V21700HP5XA1_virtual.png\" \/>\n\t<meta property=\"og:image:width\" content=\"1000\" \/>\n\t<meta property=\"og:image:height\" content=\"1000\" \/>\n\t<meta property=\"og:image:type\" content=\"image\/png\" \/>\n<meta name=\"twitter:card\" content=\"summary_large_image\" \/>\n<meta name=\"twitter:label1\" content=\"Dur\u00e9e de lecture estim\u00e9e\" \/>\n\t<meta name=\"twitter:data1\" content=\"4 minutes\" \/>\n<script type=\"application\/ld+json\" class=\"yoast-schema-graph\">{\"@context\":\"https:\/\/schema.org\",\"@graph\":[{\"@type\":[\"WebPage\",\"ItemPage\"],\"@id\":\"https:\/\/www.batemo.com\/fr\/products\/batemo-cell-explorer\/v4smart-v21700hp-5xa1\/\",\"url\":\"https:\/\/www.batemo.com\/fr\/products\/batemo-cell-explorer\/v4smart-v21700hp-5xa1\/\",\"name\":\"V4Smart V21700HP-5X(A1) Donn\u00e9es, Mod\u00e8le et Rapport\",\"isPartOf\":{\"@id\":\"https:\/\/batemo.com\/#website\"},\"primaryImageOfPage\":{\"@id\":\"https:\/\/www.batemo.com\/fr\/products\/batemo-cell-explorer\/v4smart-v21700hp-5xa1\/#primaryimage\"},\"image\":{\"@id\":\"https:\/\/www.batemo.com\/fr\/products\/batemo-cell-explorer\/v4smart-v21700hp-5xa1\/#primaryimage\"},\"thumbnailUrl\":\"https:\/\/www.batemo.com\/wp-content\/uploads\/V4Smart_V21700HP5XA1_virtual.png\",\"datePublished\":\"2026-02-23T10:26:42+00:00\",\"dateModified\":\"2026-02-23T10:27:57+00:00\",\"description\":\"Obtenir des donn\u00e9es de mesure, un mod\u00e8le de haute pr\u00e9cision et un rapport d\u00e9taill\u00e9 de la cellule de la batterie lithium-ion V4Smart V21700HP-5X(A1).\",\"breadcrumb\":{\"@id\":\"https:\/\/www.batemo.com\/fr\/products\/batemo-cell-explorer\/v4smart-v21700hp-5xa1\/#breadcrumb\"},\"inLanguage\":\"fr-FR\",\"potentialAction\":[{\"@type\":\"ReadAction\",\"target\":[\"https:\/\/www.batemo.com\/fr\/products\/batemo-cell-explorer\/v4smart-v21700hp-5xa1\/\"]}]},{\"@type\":\"ImageObject\",\"inLanguage\":\"fr-FR\",\"@id\":\"https:\/\/www.batemo.com\/fr\/products\/batemo-cell-explorer\/v4smart-v21700hp-5xa1\/#primaryimage\",\"url\":\"https:\/\/www.batemo.com\/wp-content\/uploads\/V4Smart_V21700HP5XA1_virtual.png\",\"contentUrl\":\"https:\/\/www.batemo.com\/wp-content\/uploads\/V4Smart_V21700HP5XA1_virtual.png\",\"width\":1000,\"height\":1000},{\"@type\":\"BreadcrumbList\",\"@id\":\"https:\/\/www.batemo.com\/fr\/products\/batemo-cell-explorer\/v4smart-v21700hp-5xa1\/#breadcrumb\",\"itemListElement\":[{\"@type\":\"ListItem\",\"position\":1,\"name\":\"Batemo\",\"item\":\"https:\/\/www.batemo.com\/fr\/\"},{\"@type\":\"ListItem\",\"position\":2,\"name\":\"Batemo Cell Explorer\",\"item\":\"https:\/\/www.batemo.com\/fr\/products\/batemo-cell-explorer\/\"},{\"@type\":\"ListItem\",\"position\":3,\"name\":\"V21700HP-5X(A1)\"}]},{\"@type\":\"WebSite\",\"@id\":\"https:\/\/batemo.com\/#website\",\"url\":\"https:\/\/batemo.com\/\",\"name\":\"Batemo GmbH\",\"description\":\"Understanding Batteries\",\"publisher\":{\"@id\":\"https:\/\/batemo.com\/#organization\"},\"potentialAction\":[{\"@type\":\"SearchAction\",\"target\":{\"@type\":\"EntryPoint\",\"urlTemplate\":\"https:\/\/batemo.com\/?s={search_term_string}\"},\"query-input\":{\"@type\":\"PropertyValueSpecification\",\"valueRequired\":true,\"valueName\":\"search_term_string\"}}],\"inLanguage\":\"fr-FR\"},{\"@type\":\"Organization\",\"@id\":\"https:\/\/batemo.com\/#organization\",\"name\":\"Batemo GmbH\",\"url\":\"https:\/\/batemo.com\/\",\"logo\":{\"@type\":\"ImageObject\",\"inLanguage\":\"fr-FR\",\"@id\":\"https:\/\/batemo.com\/#\/schema\/logo\/image\/\",\"url\":\"https:\/\/batemo.com\/wp-content\/uploads\/Batemo-Logo.png\",\"contentUrl\":\"https:\/\/batemo.com\/wp-content\/uploads\/Batemo-Logo.png\",\"width\":499,\"height\":127,\"caption\":\"Batemo GmbH\"},\"image\":{\"@id\":\"https:\/\/batemo.com\/#\/schema\/logo\/image\/\"},\"sameAs\":[\"https:\/\/www.linkedin.com\/company\/batemo\/\"]}]}<\/script>\n<!-- \/ Yoast SEO Premium plugin. -->","yoast_head_json":{"title":"V4Smart V21700HP-5X(A1) Donn\u00e9es, Mod\u00e8le et Rapport","description":"Obtenir des donn\u00e9es de mesure, un mod\u00e8le de haute pr\u00e9cision et un rapport d\u00e9taill\u00e9 de la cellule de la batterie lithium-ion V4Smart V21700HP-5X(A1).","robots":{"index":"index","follow":"follow","max-snippet":"max-snippet:-1","max-image-preview":"max-image-preview:large","max-video-preview":"max-video-preview:-1"},"canonical":"https:\/\/www.batemo.com\/fr\/products\/batemo-cell-explorer\/v4smart-v21700hp-5xa1\/","og_locale":"fr_FR","og_type":"article","og_title":"V21700HP-5X(A1)","og_description":"Obtenir des donn\u00e9es de mesure, un mod\u00e8le de haute pr\u00e9cision et un rapport d\u00e9taill\u00e9 de la cellule de la batterie lithium-ion V4Smart V21700HP-5X(A1).","og_url":"https:\/\/www.batemo.com\/fr\/products\/batemo-cell-explorer\/v4smart-v21700hp-5xa1\/","og_site_name":"Batemo GmbH","article_modified_time":"2026-02-23T10:27:57+00:00","og_image":[{"width":1000,"height":1000,"url":"https:\/\/www.batemo.com\/wp-content\/uploads\/V4Smart_V21700HP5XA1_virtual.png","type":"image\/png"}],"twitter_card":"summary_large_image","twitter_misc":{"Dur\u00e9e de lecture estim\u00e9e":"4 minutes"},"schema":{"@context":"https:\/\/schema.org","@graph":[{"@type":["WebPage","ItemPage"],"@id":"https:\/\/www.batemo.com\/fr\/products\/batemo-cell-explorer\/v4smart-v21700hp-5xa1\/","url":"https:\/\/www.batemo.com\/fr\/products\/batemo-cell-explorer\/v4smart-v21700hp-5xa1\/","name":"V4Smart V21700HP-5X(A1) Donn\u00e9es, Mod\u00e8le et Rapport","isPartOf":{"@id":"https:\/\/batemo.com\/#website"},"primaryImageOfPage":{"@id":"https:\/\/www.batemo.com\/fr\/products\/batemo-cell-explorer\/v4smart-v21700hp-5xa1\/#primaryimage"},"image":{"@id":"https:\/\/www.batemo.com\/fr\/products\/batemo-cell-explorer\/v4smart-v21700hp-5xa1\/#primaryimage"},"thumbnailUrl":"https:\/\/www.batemo.com\/wp-content\/uploads\/V4Smart_V21700HP5XA1_virtual.png","datePublished":"2026-02-23T10:26:42+00:00","dateModified":"2026-02-23T10:27:57+00:00","description":"Obtenir des donn\u00e9es de mesure, un mod\u00e8le de haute pr\u00e9cision et un rapport d\u00e9taill\u00e9 de la cellule de la batterie lithium-ion V4Smart V21700HP-5X(A1).","breadcrumb":{"@id":"https:\/\/www.batemo.com\/fr\/products\/batemo-cell-explorer\/v4smart-v21700hp-5xa1\/#breadcrumb"},"inLanguage":"fr-FR","potentialAction":[{"@type":"ReadAction","target":["https:\/\/www.batemo.com\/fr\/products\/batemo-cell-explorer\/v4smart-v21700hp-5xa1\/"]}]},{"@type":"ImageObject","inLanguage":"fr-FR","@id":"https:\/\/www.batemo.com\/fr\/products\/batemo-cell-explorer\/v4smart-v21700hp-5xa1\/#primaryimage","url":"https:\/\/www.batemo.com\/wp-content\/uploads\/V4Smart_V21700HP5XA1_virtual.png","contentUrl":"https:\/\/www.batemo.com\/wp-content\/uploads\/V4Smart_V21700HP5XA1_virtual.png","width":1000,"height":1000},{"@type":"BreadcrumbList","@id":"https:\/\/www.batemo.com\/fr\/products\/batemo-cell-explorer\/v4smart-v21700hp-5xa1\/#breadcrumb","itemListElement":[{"@type":"ListItem","position":1,"name":"Batemo","item":"https:\/\/www.batemo.com\/fr\/"},{"@type":"ListItem","position":2,"name":"Batemo Cell Explorer","item":"https:\/\/www.batemo.com\/fr\/products\/batemo-cell-explorer\/"},{"@type":"ListItem","position":3,"name":"V21700HP-5X(A1)"}]},{"@type":"WebSite","@id":"https:\/\/batemo.com\/#website","url":"https:\/\/batemo.com\/","name":"Batemo GmbH","description":"Understanding Batteries","publisher":{"@id":"https:\/\/batemo.com\/#organization"},"potentialAction":[{"@type":"SearchAction","target":{"@type":"EntryPoint","urlTemplate":"https:\/\/batemo.com\/?s={search_term_string}"},"query-input":{"@type":"PropertyValueSpecification","valueRequired":true,"valueName":"search_term_string"}}],"inLanguage":"fr-FR"},{"@type":"Organization","@id":"https:\/\/batemo.com\/#organization","name":"Batemo GmbH","url":"https:\/\/batemo.com\/","logo":{"@type":"ImageObject","inLanguage":"fr-FR","@id":"https:\/\/batemo.com\/#\/schema\/logo\/image\/","url":"https:\/\/batemo.com\/wp-content\/uploads\/Batemo-Logo.png","contentUrl":"https:\/\/batemo.com\/wp-content\/uploads\/Batemo-Logo.png","width":499,"height":127,"caption":"Batemo GmbH"},"image":{"@id":"https:\/\/batemo.com\/#\/schema\/logo\/image\/"},"sameAs":["https:\/\/www.linkedin.com\/company\/batemo\/"]}]}},"_links":{"self":[{"href":"https:\/\/www.batemo.com\/fr\/wp-json\/wp\/v2\/product\/134860","targetHints":{"allow":["GET"]}}],"collection":[{"href":"https:\/\/www.batemo.com\/fr\/wp-json\/wp\/v2\/product"}],"about":[{"href":"https:\/\/www.batemo.com\/fr\/wp-json\/wp\/v2\/types\/product"}],"version-history":[{"count":1,"href":"https:\/\/www.batemo.com\/fr\/wp-json\/wp\/v2\/product\/134860\/revisions"}],"predecessor-version":[{"id":134888,"href":"https:\/\/www.batemo.com\/fr\/wp-json\/wp\/v2\/product\/134860\/revisions\/134888"}],"wp:featuredmedia":[{"embeddable":true,"href":"https:\/\/www.batemo.com\/fr\/wp-json\/wp\/v2\/media\/134882"}],"wp:attachment":[{"href":"https:\/\/www.batemo.com\/fr\/wp-json\/wp\/v2\/media?parent=134860"}],"wp:term":[{"taxonomy":"product_brand","embeddable":true,"href":"https:\/\/www.batemo.com\/fr\/wp-json\/wp\/v2\/product_brand?post=134860"},{"taxonomy":"product_cat","embeddable":true,"href":"https:\/\/www.batemo.com\/fr\/wp-json\/wp\/v2\/product_cat?post=134860"},{"taxonomy":"product_tag","embeddable":true,"href":"https:\/\/www.batemo.com\/fr\/wp-json\/wp\/v2\/product_tag?post=134860"}],"curies":[{"name":"wp","href":"https:\/\/api.w.org\/{rel}","templated":true}]}}