{"id":61784,"date":"2024-07-31T11:31:53","date_gmt":"2024-07-31T09:31:53","guid":{"rendered":"https:\/\/www.batemo.com\/products\/batemo-cell-explorer\/26700-nca-gf\/"},"modified":"2025-07-24T19:15:21","modified_gmt":"2025-07-24T17:15:21","slug":"a123-systems-26700-nca-gf","status":"publish","type":"product","link":"https:\/\/www.batemo.com\/fr\/products\/batemo-cell-explorer\/a123-systems-26700-nca-gf\/","title":{"rendered":"26700 NCA&nbsp;GF"},"content":{"rendered":"<table style=\"color:white\" border=\"5\" cellspacing=\"0\" cellpadding=\"2\">\n<colgroup>\n<col width=\"50%\">\n<col width=\"50%\"> <\/colgroup>\n<tbody>\n<tr>\n<td>Origine de la cellule<\/td>\n<td style=\"text-align:right\">achet\u00e9 sur le march\u00e9 libre<\/td>\n<\/tr>\n<tr>\n<td>Format de la cellule<\/td>\n<td style=\"text-align:right\">Cylin\u00addrique<\/td>\n<\/tr>\n<tr>\n<td>Dimen\u00adsions<\/td>\n<td style=\"text-align:right\">25,8 x 69,5&nbsp;mm<\/td>\n<\/tr>\n<tr>\n<td>Poids<\/td>\n<td style=\"text-align:right\">87,7 g<\/td>\n<\/tr>\n<tr>\n<td>Capacit\u00e9<br>\n<span class=\"collapseomatic noarrow\" id=\"id688269faa64d4\" title=\"d\u00e9finition\">d\u00e9fini\u00adtion<\/span><span id=\"swap-id688269faa64d4\" class=\"colomat-swap\">fermer<\/span>\n<div id=\"target-id688269faa64d4\" class=\"collapseomatic_content collapsible_orange\">\nLa capacit\u00e9 nominale provient de la fiche technique du fabri\u00adcant, si dispo\u00adnible. Lorsque la fiche technique n\u2019est pas dispo\u00adnible, la capacit\u00e9 nominale est estim\u00e9e. Batemo a mesur\u00e9 la capacit\u00e9 C\/10 en d\u00e9char\u00adgeant la cellule \u00e0 une temp\u00e9\u00adra\u00adture ambiante de 25\u00b0C de 100% avec un courant constant de 0,33A (0.1C) jusqu\u2019\u00e0 atteindre la tension de 2,5V. La condi\u00adtion limite thermique est la convec\u00adtion&nbsp;libre.&nbsp;<\/div>\n<\/td>\n<td style=\"text-align:right\">\n<span style=\"font-size: 10px\">nominale<\/span>&nbsp;3,30 Ah<br>\n<span style=\"font-size: 10px\">C\/10<\/span>&nbsp;3,56 Ah<\/td>\n<\/tr>\n<tr>\n<td>Courant<br>\n<span class=\"collapseomatic noarrow\" id=\"id688269faa6554\" title=\"d\u00e9finition\">d\u00e9fini\u00adtion<\/span><span id=\"swap-id688269faa6554\" class=\"colomat-swap\">fermer<\/span>\n<div id=\"target-id688269faa6554\" class=\"collapseomatic_content collapsible_orange\">\nToutes les quantit\u00e9s sont des r\u00e9sul\u00adtats de mesures du labora\u00adtoire de batte\u00adries de Batemo.<br> Le courant continu est le courant le plus \u00e9lev\u00e9 qui d\u00e9charge compl\u00e8\u00adte\u00adment la cellule sans la surchauffer. Par cons\u00e9\u00adquent, la cellule est d\u00e9charg\u00e9e de 100% de l\u2019\u00e9tat de charge (SOC) \u00e0&nbsp;une temp\u00e9\u00adra\u00adture ambiante de 25\u00b0C avec un courant constant jusqu\u2019\u00e0&nbsp;un \u00e9tat de charge r\u00e9siduel de 10% et soit la limite de tension inf\u00e9rieure de 2,5V soit 90% de la temp\u00e9\u00adra\u00adture de surface maximale (68\u00b0C) est atteinte.<br> Le courant de pointe est le courant que la cellule peut fournir pendant 5 minutes. La cellule est donc d\u00e9charg\u00e9e de 100% SOC \u00e0 une temp\u00e9\u00adra\u00adture ambiante de 25\u00b0C avec un courant constant jusqu\u2019\u00e0&nbsp;ce qu\u2019elle atteigne soit la limite de tension inf\u00e9rieure de 2,5V soit la temp\u00e9\u00adra\u00adture de surface maximale de 75\u00b0C apr\u00e8s 5 minutes. Pour les cellules qui atteignent la temp\u00e9\u00adra\u00adture de surface maximale, le courant mesur\u00e9 est direc\u00adte\u00adment pris comme courant de pointe. Pour les cellules qui n\u2019atteignent pas la temp\u00e9\u00adra\u00adture de surface maximale apr\u00e8s 5 minutes parce qu\u2019elles atteignent d\u2019abord la limite de tension inf\u00e9rieure, le courant mesur\u00e9 est multi\u00adpli\u00e9 par un facteur de correc\u00adtion qui estime le courant qui aurait chauff\u00e9 la cellule \u00e0&nbsp;la temp\u00e9\u00adra\u00adture de surface maximale en 5 minutes.<br> La condi\u00adtion limite thermique est la convec\u00adtion libre. Ces conditions de fonction\u00adne\u00adment peuvent \u00eatre en dehors des sp\u00e9ci\u00adfi\u00adca\u00adtions du fabri\u00adcant de cellules.&nbsp;<\/div>\n<\/td>\n<td style=\"text-align:right\">\n<span style=\"font-size: 10px\">continu<\/span>&nbsp;8,45 A<br>\n<span style=\"font-size: 10px\">pic<\/span>&nbsp;131 A<\/td>\n<\/tr>\n<tr>\n<td>\u00c9nergie<br>\n<span class=\"collapseomatic noarrow\" id=\"id688269faa65a7\" title=\"d\u00e9finition\">d\u00e9fini\u00adtion<\/span><span id=\"swap-id688269faa65a7\" class=\"colomat-swap\">fermer<\/span>\n<div id=\"target-id688269faa65a7\" class=\"collapseomatic_content collapsible_orange\">\nBatemo a mesur\u00e9 l\u2019\u00e9nergie C\/10 en d\u00e9char\u00adgeant la cellule \u00e0&nbsp;une temp\u00e9\u00adra\u00adture ambiante de 25\u00b0C de 100% avec un courant constant de 0,33A (0.1C) jusqu\u2019\u00e0&nbsp;atteindre la tension de 2,5V. La condi\u00adtion limite thermique est la convec\u00adtion&nbsp;libre.&nbsp;<\/div>\n<\/td>\n<td style=\"text-align:right\">\n<span style=\"font-size: 10px\">C\/10<\/span>&nbsp;13,0 Wh<\/td>\n<\/tr>\n<tr>\n<td>Puissance<br>\n<span class=\"collapseomatic noarrow\" id=\"id688269faa65f4\" title=\"d\u00e9finition\">d\u00e9fini\u00adtion<\/span><span id=\"swap-id688269faa65f4\" class=\"colomat-swap\">fermer<\/span>\n<div id=\"target-id688269faa65f4\" class=\"collapseomatic_content collapsible_orange\">\nToutes les quantit\u00e9s sont des r\u00e9sul\u00adtats de mesures du labora\u00adtoire de batte\u00adries de Batemo.<br> La puissance continue est la plus grande puissance qui d\u00e9charge compl\u00e8\u00adte\u00adment la cellule sans la surchauffer. Par cons\u00e9\u00adquent, la cellule est d\u00e9charg\u00e9e de 100% de l\u2019\u00e9tat de charge (SOC) \u00e0&nbsp;une temp\u00e9\u00adra\u00adture ambiante de 25\u00b0C avec un courant constant jusqu\u2019\u00e0&nbsp;un \u00e9tat de charge r\u00e9siduel de 10% et soit la limite de tension inf\u00e9rieure de 2,5V soit 90% de la temp\u00e9\u00adra\u00adture de surface maximale ( 68\u00b0C) est atteinte.<br> La puissance de pointe est la puissance que la cellule peut fournir pendant 5 minutes. La cellule est donc d\u00e9charg\u00e9e de 100% SOC \u00e0 une temp\u00e9\u00adra\u00adture ambiante de 25\u00b0C avec un courant constant jusqu\u2019\u00e0&nbsp;ce qu\u2019elle atteigne soit la limite de tension inf\u00e9rieure de 2,5V soit la temp\u00e9\u00adra\u00adture de surface maximale de 75\u00b0C apr\u00e8s 5 minutes. Pour les cellules qui atteignent la limite de temp\u00e9\u00adra\u00adture maximale, la puissance mesur\u00e9e est direc\u00adte\u00adment prise comme puissance de pointe. Pour les cellules qui n\u2019atteignent pas la temp\u00e9\u00adra\u00adture de surface maximale apr\u00e8s 5 minutes parce qu\u2019elles atteignent d\u2019abord la limite de tension inf\u00e9rieure, la puissance mesur\u00e9e est multi\u00adpli\u00e9e par un facteur de correc\u00adtion qui estime la puissance qui aurait chauff\u00e9 la cellule \u00e0 la temp\u00e9\u00adra\u00adture de surface maximale en 5 minutes.<br> La condi\u00adtion limite thermique est la convec\u00adtion libre. Ces conditions de fonction\u00adne\u00adment peuvent \u00eatre en dehors des sp\u00e9ci\u00adfi\u00adca\u00adtions du fabri\u00adcant de cellules.&nbsp;<\/div>\n<\/td>\n<td style=\"text-align:right\">\n<span style=\"font-size: 10px\">continue<\/span>&nbsp;30,9 W<br>\n<span style=\"font-size: 10px\">pic<\/span>&nbsp;467 W<\/td>\n<\/tr>\n<tr>\n<td>Densit\u00e9 \u00e9nerg\u00e9\u00adtique<br>\n<span class=\"collapseomatic noarrow\" id=\"id688269faa6640\" title=\"d\u00e9finition\">d\u00e9fini\u00adtion<\/span><span id=\"swap-id688269faa6640\" class=\"colomat-swap\">fermer<\/span>\n<div id=\"target-id688269faa6640\" class=\"collapseomatic_content collapsible_orange\">\nLes densit\u00e9s d\u2019\u00e9nergie r\u00e9sultent de l\u2019\u00e9nergie C\/10, du poids de la cellule et du volume de la cellule.&nbsp;<\/div>\n<\/td>\n<td style=\"text-align:right\">\n<span style=\"font-size: 10px\">gravi\u00adm\u00e9\u00adtrique<\/span>&nbsp;149 Wh\/kg<br>\n<span style=\"font-size: 10px\">volum\u00e9\u00adtrique<\/span>&nbsp;355 Wh\/l<\/td>\n<\/tr>\n<tr>\n<td>Densit\u00e9 de puissance<br>\n<span class=\"collapseomatic noarrow\" id=\"id688269faa668c\" title=\"d\u00e9finition\">d\u00e9fini\u00adtion<\/span><span id=\"swap-id688269faa668c\" class=\"colomat-swap\">fermer<\/span>\n<div id=\"target-id688269faa668c\" class=\"collapseomatic_content collapsible_orange\">\nLes densit\u00e9s de puissance r\u00e9sultent de la puissance de pointe, du poids de la cellule et du volume de la cellule.&nbsp;<\/div>\n<\/td>\n<td style=\"text-align:right\">\n<span style=\"font-size: 10px\">gravi\u00adm\u00e9\u00adtrique<\/span>&nbsp;5,33 kW\/kg<br>\n<span style=\"font-size: 10px\">volum\u00e9\u00adtrique<\/span>&nbsp;12,72 kW\/l<\/td>\n<\/tr>\n<\/tbody>\n<\/table>\n","protected":false},"excerpt":{"rendered":"<p>Obtenez tout ce dont vous avez besoin pour la cellule de batterie lithium-ion A123 Systems 26700 NCA GF&nbsp;: des donn\u00e9es de mesure \u00e9tendues dans la zone op\u00e9ra\u00adtion\u00adnelle totale, un mod\u00e8le physique de batterie de haute pr\u00e9ci\u00adsion avec une validit\u00e9 globale, ainsi qu\u2019un rapport de d\u00e9mon\u00adtage conte\u00adnant tous les d\u00e9tails sur les mat\u00e9riaux et les microstructures.<\/p>\n","protected":false},"featured_media":123312,"template":"","meta":{"_acf_changed":false,"wp_typography_post_enhancements_disabled":false,"ocean_post_layout":"","ocean_both_sidebars_style":"","ocean_both_sidebars_content_width":0,"ocean_both_sidebars_sidebars_width":0,"ocean_sidebar":"0","ocean_second_sidebar":"0","ocean_disable_margins":"enable","ocean_add_body_class":"","ocean_shortcode_before_top_bar":"","ocean_shortcode_after_top_bar":"","ocean_shortcode_before_header":"","ocean_shortcode_after_header":"","ocean_has_shortcode":"","ocean_shortcode_after_title":"","ocean_shortcode_before_footer_widgets":"","ocean_shortcode_after_footer_widgets":"","ocean_shortcode_before_footer_bottom":"","ocean_shortcode_after_footer_bottom":"","ocean_display_top_bar":"default","ocean_display_header":"default","ocean_header_style":"","ocean_center_header_left_menu":"0","ocean_custom_header_template":"0","ocean_custom_logo":0,"ocean_custom_retina_logo":0,"ocean_custom_logo_max_width":0,"ocean_custom_logo_tablet_max_width":0,"ocean_custom_logo_mobile_max_width":0,"ocean_custom_logo_max_height":0,"ocean_custom_logo_tablet_max_height":0,"ocean_custom_logo_mobile_max_height":0,"ocean_header_custom_menu":"0","ocean_menu_typo_font_family":"0","ocean_menu_typo_font_subset":"","ocean_menu_typo_font_size":0,"ocean_menu_typo_font_size_tablet":0,"ocean_menu_typo_font_size_mobile":0,"ocean_menu_typo_font_size_unit":"px","ocean_menu_typo_font_weight":"","ocean_menu_typo_font_weight_tablet":"","ocean_menu_typo_font_weight_mobile":"","ocean_menu_typo_transform":"","ocean_menu_typo_transform_tablet":"","ocean_menu_typo_transform_mobile":"","ocean_menu_typo_line_height":0,"ocean_menu_typo_line_height_tablet":0,"ocean_menu_typo_line_height_mobile":0,"ocean_menu_typo_line_height_unit":"","ocean_menu_typo_spacing":0,"ocean_menu_typo_spacing_tablet":0,"ocean_menu_typo_spacing_mobile":0,"ocean_menu_typo_spacing_unit":"","ocean_menu_link_color":"","ocean_menu_link_color_hover":"","ocean_menu_link_color_active":"","ocean_menu_link_background":"","ocean_menu_link_hover_background":"","ocean_menu_link_active_background":"","ocean_menu_social_links_bg":"","ocean_menu_social_hover_links_bg":"","ocean_menu_social_links_color":"","ocean_menu_social_hover_links_color":"","ocean_disable_title":"default","ocean_disable_heading":"default","ocean_post_title":"","ocean_post_subheading":"","ocean_post_title_style":"","ocean_post_title_background_color":"","ocean_post_title_background":0,"ocean_post_title_bg_image_position":"","ocean_post_title_bg_image_attachment":"","ocean_post_title_bg_image_repeat":"","ocean_post_title_bg_image_size":"","ocean_post_title_height":0,"ocean_post_title_bg_overlay":0.5,"ocean_post_title_bg_overlay_color":"","ocean_disable_breadcrumbs":"default","ocean_breadcrumbs_color":"","ocean_breadcrumbs_separator_color":"","ocean_breadcrumbs_links_color":"","ocean_breadcrumbs_links_hover_color":"","ocean_display_footer_widgets":"default","ocean_display_footer_bottom":"default","ocean_custom_footer_template":"0","_links_to":"","_links_to_target":""},"product_brand":[],"product_cat":[27681],"product_tag":[2401,2400,2402,16681],"class_list":{"0":"post-61784","1":"product","2":"type-product","3":"status-publish","4":"has-post-thumbnail","6":"product_cat-26xxx-fr","7":"product_tag-batemo-cell-data-fr","8":"product_tag-batemo-cell-model-fr","9":"product_tag-batemo-cell-report-fr","10":"product_tag-power-tools-fr","11":"pa_capacity-36-ah","12":"pa_continuous_current-845-a","13":"pa_continuous_power-309-w","14":"pa_dimensions-258-x-695-mm","15":"pa_energy-13-wh","16":"pa_format-26xxx-fr","17":"pa_gravimetric_capacity_density-405-ah-kg","18":"pa_gravimetric_current_density-14952-a-kg","19":"pa_gravimetric_energy_density-1486-wh-kg","20":"pa_gravimetric_power_density-5325-w-kg","21":"pa_manufacturer-a123-systems-fr","22":"pa_nominal_capacity-33-ah","23":"pa_peak_current-13113-a","24":"pa_peak_power-467-w","25":"pa_temperature_range-20-75-c","26":"pa_voltage_range-25-42-v","27":"pa_volumetric_capacity_density-969-ah-l","28":"pa_volumetric_current_density-35724-a-l","29":"pa_volumetric_energy_density-355-wh-l","30":"pa_volumetric_power_density-12723-w-l","31":"pa_weight-00877-kg","32":"entry","33":"has-media","35":"first","36":"instock","37":"taxable","38":"shipping-taxable","39":"product-type-simple"},"acf":[],"yoast_head":"<!-- This site is optimized with the Yoast SEO Premium plugin v26.9 (Yoast SEO v26.9) - https:\/\/yoast.com\/product\/yoast-seo-premium-wordpress\/ -->\n<title>A123 Systems 26700 NCA GF Donn\u00e9es, Mod\u00e8le et Rapport<\/title>\n<meta name=\"description\" content=\"Obtenir des donn\u00e9es de mesure, un mod\u00e8le de haute pr\u00e9cision et un rapport d\u00e9taill\u00e9 de la cellule de la batterie lithium-ion A123 Systems 26700 NCA GF.\" \/>\n<meta name=\"robots\" content=\"index, follow, max-snippet:-1, max-image-preview:large, max-video-preview:-1\" \/>\n<link rel=\"canonical\" href=\"https:\/\/www.batemo.com\/fr\/products\/batemo-cell-explorer\/a123-systems-26700-nca-gf\/\" \/>\n<meta property=\"og:locale\" content=\"fr_FR\" \/>\n<meta property=\"og:type\" content=\"article\" \/>\n<meta property=\"og:title\" content=\"26700 NCA GF\" \/>\n<meta property=\"og:description\" content=\"Obtenir des donn\u00e9es de mesure, un mod\u00e8le de haute pr\u00e9cision et un rapport d\u00e9taill\u00e9 de la cellule de la batterie lithium-ion A123 Systems 26700 NCA GF.\" \/>\n<meta property=\"og:url\" content=\"https:\/\/www.batemo.com\/fr\/products\/batemo-cell-explorer\/a123-systems-26700-nca-gf\/\" \/>\n<meta property=\"og:site_name\" content=\"Batemo GmbH\" \/>\n<meta property=\"article:modified_time\" content=\"2025-07-24T17:15:21+00:00\" \/>\n<meta property=\"og:image\" content=\"https:\/\/www.batemo.com\/wp-content\/uploads\/A123Systems_Cell26700NCAGF_virtual.png\" \/>\n\t<meta property=\"og:image:width\" content=\"1000\" \/>\n\t<meta property=\"og:image:height\" content=\"1000\" \/>\n\t<meta property=\"og:image:type\" content=\"image\/png\" \/>\n<meta name=\"twitter:card\" content=\"summary_large_image\" \/>\n<meta name=\"twitter:label1\" content=\"Dur\u00e9e de lecture estim\u00e9e\" \/>\n\t<meta name=\"twitter:data1\" content=\"4 minutes\" \/>\n<script type=\"application\/ld+json\" class=\"yoast-schema-graph\">{\"@context\":\"https:\/\/schema.org\",\"@graph\":[{\"@type\":[\"WebPage\",\"ItemPage\"],\"@id\":\"https:\/\/www.batemo.com\/fr\/products\/batemo-cell-explorer\/a123-systems-26700-nca-gf\/\",\"url\":\"https:\/\/www.batemo.com\/fr\/products\/batemo-cell-explorer\/a123-systems-26700-nca-gf\/\",\"name\":\"A123 Systems 26700 NCA GF Donn\u00e9es, Mod\u00e8le et Rapport\",\"isPartOf\":{\"@id\":\"https:\/\/batemo.com\/#website\"},\"primaryImageOfPage\":{\"@id\":\"https:\/\/www.batemo.com\/fr\/products\/batemo-cell-explorer\/a123-systems-26700-nca-gf\/#primaryimage\"},\"image\":{\"@id\":\"https:\/\/www.batemo.com\/fr\/products\/batemo-cell-explorer\/a123-systems-26700-nca-gf\/#primaryimage\"},\"thumbnailUrl\":\"https:\/\/www.batemo.com\/wp-content\/uploads\/A123Systems_Cell26700NCAGF_virtual.png\",\"datePublished\":\"2024-07-31T09:31:53+00:00\",\"dateModified\":\"2025-07-24T17:15:21+00:00\",\"description\":\"Obtenir des donn\u00e9es de mesure, un mod\u00e8le de haute pr\u00e9cision et un rapport d\u00e9taill\u00e9 de la cellule de la batterie lithium-ion A123 Systems 26700 NCA GF.\",\"breadcrumb\":{\"@id\":\"https:\/\/www.batemo.com\/fr\/products\/batemo-cell-explorer\/a123-systems-26700-nca-gf\/#breadcrumb\"},\"inLanguage\":\"fr-FR\",\"potentialAction\":[{\"@type\":\"ReadAction\",\"target\":[\"https:\/\/www.batemo.com\/fr\/products\/batemo-cell-explorer\/a123-systems-26700-nca-gf\/\"]}]},{\"@type\":\"ImageObject\",\"inLanguage\":\"fr-FR\",\"@id\":\"https:\/\/www.batemo.com\/fr\/products\/batemo-cell-explorer\/a123-systems-26700-nca-gf\/#primaryimage\",\"url\":\"https:\/\/www.batemo.com\/wp-content\/uploads\/A123Systems_Cell26700NCAGF_virtual.png\",\"contentUrl\":\"https:\/\/www.batemo.com\/wp-content\/uploads\/A123Systems_Cell26700NCAGF_virtual.png\",\"width\":1000,\"height\":1000},{\"@type\":\"BreadcrumbList\",\"@id\":\"https:\/\/www.batemo.com\/fr\/products\/batemo-cell-explorer\/a123-systems-26700-nca-gf\/#breadcrumb\",\"itemListElement\":[{\"@type\":\"ListItem\",\"position\":1,\"name\":\"Batemo\",\"item\":\"https:\/\/www.batemo.com\/fr\/\"},{\"@type\":\"ListItem\",\"position\":2,\"name\":\"Batemo Cell Explorer\",\"item\":\"https:\/\/www.batemo.com\/fr\/products\/batemo-cell-explorer\/\"},{\"@type\":\"ListItem\",\"position\":3,\"name\":\"26700 NCA&nbsp;GF\"}]},{\"@type\":\"WebSite\",\"@id\":\"https:\/\/batemo.com\/#website\",\"url\":\"https:\/\/batemo.com\/\",\"name\":\"Batemo GmbH\",\"description\":\"Understanding Batteries\",\"publisher\":{\"@id\":\"https:\/\/batemo.com\/#organization\"},\"potentialAction\":[{\"@type\":\"SearchAction\",\"target\":{\"@type\":\"EntryPoint\",\"urlTemplate\":\"https:\/\/batemo.com\/?s={search_term_string}\"},\"query-input\":{\"@type\":\"PropertyValueSpecification\",\"valueRequired\":true,\"valueName\":\"search_term_string\"}}],\"inLanguage\":\"fr-FR\"},{\"@type\":\"Organization\",\"@id\":\"https:\/\/batemo.com\/#organization\",\"name\":\"Batemo GmbH\",\"url\":\"https:\/\/batemo.com\/\",\"logo\":{\"@type\":\"ImageObject\",\"inLanguage\":\"fr-FR\",\"@id\":\"https:\/\/batemo.com\/#\/schema\/logo\/image\/\",\"url\":\"https:\/\/batemo.com\/wp-content\/uploads\/Batemo-Logo.png\",\"contentUrl\":\"https:\/\/batemo.com\/wp-content\/uploads\/Batemo-Logo.png\",\"width\":499,\"height\":127,\"caption\":\"Batemo GmbH\"},\"image\":{\"@id\":\"https:\/\/batemo.com\/#\/schema\/logo\/image\/\"},\"sameAs\":[\"https:\/\/www.linkedin.com\/company\/batemo\/\"]}]}<\/script>\n<!-- \/ Yoast SEO Premium plugin. -->","yoast_head_json":{"title":"A123 Systems 26700 NCA GF Donn\u00e9es, Mod\u00e8le et Rapport","description":"Obtenir des donn\u00e9es de mesure, un mod\u00e8le de haute pr\u00e9cision et un rapport d\u00e9taill\u00e9 de la cellule de la batterie lithium-ion A123 Systems 26700 NCA GF.","robots":{"index":"index","follow":"follow","max-snippet":"max-snippet:-1","max-image-preview":"max-image-preview:large","max-video-preview":"max-video-preview:-1"},"canonical":"https:\/\/www.batemo.com\/fr\/products\/batemo-cell-explorer\/a123-systems-26700-nca-gf\/","og_locale":"fr_FR","og_type":"article","og_title":"26700 NCA GF","og_description":"Obtenir des donn\u00e9es de mesure, un mod\u00e8le de haute pr\u00e9cision et un rapport d\u00e9taill\u00e9 de la cellule de la batterie lithium-ion A123 Systems 26700 NCA GF.","og_url":"https:\/\/www.batemo.com\/fr\/products\/batemo-cell-explorer\/a123-systems-26700-nca-gf\/","og_site_name":"Batemo GmbH","article_modified_time":"2025-07-24T17:15:21+00:00","og_image":[{"width":1000,"height":1000,"url":"https:\/\/www.batemo.com\/wp-content\/uploads\/A123Systems_Cell26700NCAGF_virtual.png","type":"image\/png"}],"twitter_card":"summary_large_image","twitter_misc":{"Dur\u00e9e de lecture estim\u00e9e":"4 minutes"},"schema":{"@context":"https:\/\/schema.org","@graph":[{"@type":["WebPage","ItemPage"],"@id":"https:\/\/www.batemo.com\/fr\/products\/batemo-cell-explorer\/a123-systems-26700-nca-gf\/","url":"https:\/\/www.batemo.com\/fr\/products\/batemo-cell-explorer\/a123-systems-26700-nca-gf\/","name":"A123 Systems 26700 NCA GF Donn\u00e9es, Mod\u00e8le et Rapport","isPartOf":{"@id":"https:\/\/batemo.com\/#website"},"primaryImageOfPage":{"@id":"https:\/\/www.batemo.com\/fr\/products\/batemo-cell-explorer\/a123-systems-26700-nca-gf\/#primaryimage"},"image":{"@id":"https:\/\/www.batemo.com\/fr\/products\/batemo-cell-explorer\/a123-systems-26700-nca-gf\/#primaryimage"},"thumbnailUrl":"https:\/\/www.batemo.com\/wp-content\/uploads\/A123Systems_Cell26700NCAGF_virtual.png","datePublished":"2024-07-31T09:31:53+00:00","dateModified":"2025-07-24T17:15:21+00:00","description":"Obtenir des donn\u00e9es de mesure, un mod\u00e8le de haute pr\u00e9cision et un rapport d\u00e9taill\u00e9 de la cellule de la batterie lithium-ion A123 Systems 26700 NCA GF.","breadcrumb":{"@id":"https:\/\/www.batemo.com\/fr\/products\/batemo-cell-explorer\/a123-systems-26700-nca-gf\/#breadcrumb"},"inLanguage":"fr-FR","potentialAction":[{"@type":"ReadAction","target":["https:\/\/www.batemo.com\/fr\/products\/batemo-cell-explorer\/a123-systems-26700-nca-gf\/"]}]},{"@type":"ImageObject","inLanguage":"fr-FR","@id":"https:\/\/www.batemo.com\/fr\/products\/batemo-cell-explorer\/a123-systems-26700-nca-gf\/#primaryimage","url":"https:\/\/www.batemo.com\/wp-content\/uploads\/A123Systems_Cell26700NCAGF_virtual.png","contentUrl":"https:\/\/www.batemo.com\/wp-content\/uploads\/A123Systems_Cell26700NCAGF_virtual.png","width":1000,"height":1000},{"@type":"BreadcrumbList","@id":"https:\/\/www.batemo.com\/fr\/products\/batemo-cell-explorer\/a123-systems-26700-nca-gf\/#breadcrumb","itemListElement":[{"@type":"ListItem","position":1,"name":"Batemo","item":"https:\/\/www.batemo.com\/fr\/"},{"@type":"ListItem","position":2,"name":"Batemo Cell Explorer","item":"https:\/\/www.batemo.com\/fr\/products\/batemo-cell-explorer\/"},{"@type":"ListItem","position":3,"name":"26700 NCA&nbsp;GF"}]},{"@type":"WebSite","@id":"https:\/\/batemo.com\/#website","url":"https:\/\/batemo.com\/","name":"Batemo GmbH","description":"Understanding Batteries","publisher":{"@id":"https:\/\/batemo.com\/#organization"},"potentialAction":[{"@type":"SearchAction","target":{"@type":"EntryPoint","urlTemplate":"https:\/\/batemo.com\/?s={search_term_string}"},"query-input":{"@type":"PropertyValueSpecification","valueRequired":true,"valueName":"search_term_string"}}],"inLanguage":"fr-FR"},{"@type":"Organization","@id":"https:\/\/batemo.com\/#organization","name":"Batemo GmbH","url":"https:\/\/batemo.com\/","logo":{"@type":"ImageObject","inLanguage":"fr-FR","@id":"https:\/\/batemo.com\/#\/schema\/logo\/image\/","url":"https:\/\/batemo.com\/wp-content\/uploads\/Batemo-Logo.png","contentUrl":"https:\/\/batemo.com\/wp-content\/uploads\/Batemo-Logo.png","width":499,"height":127,"caption":"Batemo GmbH"},"image":{"@id":"https:\/\/batemo.com\/#\/schema\/logo\/image\/"},"sameAs":["https:\/\/www.linkedin.com\/company\/batemo\/"]}]}},"_links":{"self":[{"href":"https:\/\/www.batemo.com\/fr\/wp-json\/wp\/v2\/product\/61784","targetHints":{"allow":["GET"]}}],"collection":[{"href":"https:\/\/www.batemo.com\/fr\/wp-json\/wp\/v2\/product"}],"about":[{"href":"https:\/\/www.batemo.com\/fr\/wp-json\/wp\/v2\/types\/product"}],"version-history":[{"count":0,"href":"https:\/\/www.batemo.com\/fr\/wp-json\/wp\/v2\/product\/61784\/revisions"}],"wp:featuredmedia":[{"embeddable":true,"href":"https:\/\/www.batemo.com\/fr\/wp-json\/wp\/v2\/media\/123312"}],"wp:attachment":[{"href":"https:\/\/www.batemo.com\/fr\/wp-json\/wp\/v2\/media?parent=61784"}],"wp:term":[{"taxonomy":"product_brand","embeddable":true,"href":"https:\/\/www.batemo.com\/fr\/wp-json\/wp\/v2\/product_brand?post=61784"},{"taxonomy":"product_cat","embeddable":true,"href":"https:\/\/www.batemo.com\/fr\/wp-json\/wp\/v2\/product_cat?post=61784"},{"taxonomy":"product_tag","embeddable":true,"href":"https:\/\/www.batemo.com\/fr\/wp-json\/wp\/v2\/product_tag?post=61784"}],"curies":[{"name":"wp","href":"https:\/\/api.w.org\/{rel}","templated":true}]}}